{"id":279,"date":"2026-03-24T16:17:20","date_gmt":"2026-03-24T16:17:20","guid":{"rendered":"https:\/\/giroux.de\/?page_id=279"},"modified":"2026-04-27T07:26:35","modified_gmt":"2026-04-27T07:26:35","slug":"about-me","status":"publish","type":"page","link":"https:\/\/giroux.de\/de\/about-me\/","title":{"rendered":"\u00dcber mich"},"content":{"rendered":"<hr class=\"wp-block-separator alignfull has-alpha-channel-opacity\"\/>\n\n\n\n<div class=\"wp-block-cover alignwide\"><img loading=\"lazy\" decoding=\"async\" width=\"468\" height=\"342\" class=\"wp-block-cover__image-background wp-image-566\" alt=\"\" src=\"https:\/\/giroux.de\/wp-content\/uploads\/2026\/04\/ich-gross-1-1.jpg\" data-object-fit=\"cover\" srcset=\"https:\/\/giroux.de\/wp-content\/uploads\/2026\/04\/ich-gross-1-1.jpg 468w, https:\/\/giroux.de\/wp-content\/uploads\/2026\/04\/ich-gross-1-1-300x219.jpg 300w\" sizes=\"auto, (max-width: 468px) 100vw, 468px\" \/><span aria-hidden=\"true\" class=\"wp-block-cover__background has-background-dim\"><\/span><div class=\"wp-block-cover__inner-container is-layout-flow wp-block-cover-is-layout-flow\">\n<p class=\"has-accent-5-color has-text-color has-link-color has-medium-font-size wp-elements-125e2189d444faf980889a609f5462f6\"><strong>Spezialist f\u00fcr technologiegetriebene Innovation im Supply Chain Management<\/strong><\/p>\n\n\n\n<p class=\"has-accent-5-color has-text-color has-link-color has-medium-font-size wp-elements-94bf63d24e04175f4a0b624cd63816c4\">Von der Vision \u00fcber das Konzept bis zur Umsetzung. Mit deutsch-franz\u00f6sischem Hintergrund und \u00fcber 25 Jahren internationaler Erfahrung in Informationsmanagement und K\u00fcnstlicher Intelligenz.<\/p>\n\n\n\n<details class=\"wp-block-details has-accent-5-color has-text-color has-link-color has-medium-font-size wp-elements-3f6a460e2c94c95cc7c90a8850e79391 is-layout-flow wp-block-details-is-layout-flow\"><summary>Frank Giroux<\/summary>\n<p class=\"has-accent-5-color has-text-color has-link-color has-small-font-size wp-elements-b3165b869d9555372dccb4b7a32dba23\">Aus einer franz\u00f6sischen Familie stammend und in Berlin aufgewachsen, sage ich gerne: Ich bin das Best-of-Breed beider Kulturen. Ich wei\u00df ein effizientes Mittagessen ebenso zu sch\u00e4tzen wie ein paar gute Flaschen Wein im Keller. <\/p>\n<\/details>\n\n\n\n<details class=\"wp-block-details has-accent-5-color has-text-color has-link-color has-medium-font-size wp-elements-461e6f4878a30bd08b20e08a22a39ed2 is-layout-flow wp-block-details-is-layout-flow\"><summary>Mein Weg bis hier<\/summary>\n<p class=\"has-small-font-size\">Mein Interessensschwerpunkt lag schon immer auf Logistikprozessen. Die Grundlagen legte ich mit dem Studium zum Wirtschaftsingenieur mit Schwerpunkt Logistik in Berlin und einem MBA in Wirtschaft und Logistik in Toulouse. <\/p>\n\n\n\n<p class=\"has-accent-5-color has-text-color has-link-color has-small-font-size wp-elements-72bb661ddec8bae2297e2adea3826b09\">In 30 Jahren Industrieerfahrung habe ich seitdem Prozesse in vielen unterschiedlichen Bereichen analysiert und umgesetzt, darunter:<\/p>\n\n\n\n<ul class=\"wp-block-list\">\n<li class=\"has-small-font-size\">Fertigung und Montage f\u00fcr Triebwerksaufh\u00e4ngungen bei Aerospatiale<\/li>\n\n\n\n<li class=\"has-small-font-size\">Motorenmontage bei Daimler Benz<\/li>\n\n\n\n<li class=\"has-small-font-size\">Herstellung von Tiernahrung bei Bayer Animal Health<\/li>\n\n\n\n<li class=\"has-small-font-size\">End to End Sicht auf die pharmazeutische Proktion bei Bayer<\/li>\n<\/ul>\n\n\n\n<p class=\"has-accent-5-color has-text-color has-link-color has-small-font-size wp-elements-6a285ce351bc6bbe8ecaaff4999aaea2\">In all diesen Projekten stand ich stets an der Schnittstelle zwischen Gesch\u00e4ftsprozess und Informationsmanagement. In der zweiten H\u00e4lfte meiner Karriere bei Bayer r\u00fcckte das Thema effizientes Informationsmanagement st\u00e4rker in den Mittelpunkt \u2013 mit Projekten im Bereich Search und Business Intelligence. <\/p>\n\n\n\n<ul class=\"wp-block-list\">\n<li class=\"has-accent-5-color has-text-color has-link-color has-small-font-size wp-elements-15199258606badef5fb4a78994ab9eaf\">Aufbau einer Organisation f\u00fcr Marketing und CRM Analysen<\/li>\n\n\n\n<li class=\"has-accent-5-color has-text-color has-link-color has-small-font-size wp-elements-6dd6c2d6099a2635855858b3fc71c68c\">Implementierung einer federated enterprise search Platform<\/li>\n\n\n\n<li class=\"has-accent-5-color has-text-color has-link-color has-small-font-size wp-elements-617590c8c0a842dbb839bc3ce59c8e8f\">Aufbau einer Chatbot Factory <\/li>\n<\/ul>\n\n\n\n<p class=\"has-accent-5-color has-text-color has-link-color has-small-font-size wp-elements-de9d3cea3efe6d7a47651aeb471109ed\">Die letzten f\u00fcnf Jahre habe ich damit verbracht, die IT-Strategie f\u00fcr das Supply Chain Management bei Bayer Pharma aufzubauen und umzusetzen. Ein zentrales Element der Roadmap wurde dabei schnell das Portfolio LLM-basierter Agenten. <\/p>\n<\/details>\n\n\n\n<details class=\"wp-block-details has-accent-5-color has-text-color has-link-color has-medium-font-size wp-elements-f893f37e27a3bf099d218483f37b3384 is-layout-flow wp-block-details-is-layout-flow\"><summary>Einige Projekt Referenzen<\/summary>\n<p class=\"has-accent-5-color has-text-color has-link-color has-small-font-size wp-elements-038662e94f1fa6216955a5447a59ffa4 translation-block\">\u2022 Eine <strong>Roadmap f\u00fcr die digitale Transformation<\/strong> einer globalen Pharma-Lieferkette etabliert und damit die Allokation des IT-Budgets verbessert.<\/p>\n\n\n\n<p class=\"has-accent-5-color has-text-color has-link-color has-small-font-size wp-elements-b3878d9c72b4a33be8ca268bf667d2c8 translation-block\">\u2022 Einen <strong>Optimierer f\u00fcr die Produktionsplanung<\/strong> entwickelt \u2013 und damit potenzielle Umsatzverluste um 40 % reduziert.<\/p>\n\n\n\n<p class=\"has-accent-5-color has-text-color has-link-color has-small-font-size wp-elements-362d4066d91f2763d416929cd60b3628 translation-block\">\u2022 Aufbau einer <strong>Chatbot-Factory<\/strong> im Jahr 2020 \u2013 \u00fcber 15.000 interne Konversationen in den ersten sechs Monaten.<\/p>\n\n\n\n<p class=\"has-accent-5-color has-text-color has-link-color has-small-font-size wp-elements-833eac876ef08808cee094d95bad7175 translation-block\">\u2022 Auszeichnung \u201eSupply Chain Breakthrough of the Year\" 2017 mit Bayer Crop Science f\u00fcr die erfolgreiche Einf\u00fchrung einer <strong>B2B-Plattform<\/strong> in den USA.<\/p>\n\n\n\n<p class=\"has-accent-5-color has-text-color has-link-color has-small-font-size wp-elements-7c4cc68855502d91ab0213e53f8b47bf translation-block\">\u2022 Alignment-Prozesse mit mehreren globalen Stakeholdern erfolgreich geleitet, um konkurrierende IT-Investitionen im Rahmen des <strong>globalen Rollouts der SAP-Template-L\u00f6sung<\/strong> (Vietnam, USA, Frankreich etc.) aufzul\u00f6sen.<\/p>\n<\/details>\n\n\n\n<details class=\"wp-block-details has-accent-5-color has-text-color has-link-color has-medium-font-size wp-elements-11b523116a2afe8da2099463646a1655 is-layout-flow wp-block-details-is-layout-flow\"><summary>Kernkompetenzen<\/summary>\n<p class=\"has-accent-5-color has-text-color has-link-color has-small-font-size wp-elements-e519fb0cc661fafd66d9ff199f128bde translation-block\">\u2022 <strong>Evaluation und Implementierung<\/strong> von Automatisierungs- und KI-L\u00f6sungen<\/p>\n\n\n\n<p class=\"has-accent-5-color has-text-color has-link-color has-small-font-size wp-elements-5f9989eaa687f4898cf36092c02ef78d translation-block\">\u2022 Deine Organisation auf den Einsatz von Large Language Models vorbereiten und <strong>bef\u00e4higen<\/strong><\/p>\n\n\n\n<p class=\"has-accent-5-color has-text-color has-link-color has-small-font-size wp-elements-b4558799168f24778ba4bab2c44a1e6a translation-block\">\u2022 Management der <strong>IT-Strategie<\/strong><\/p>\n\n\n\n<p class=\"has-accent-5-color has-text-color has-link-color has-small-font-size wp-elements-95f2b053ab0f439c6e078bf562b49858 translation-block\">\u2022 Bereichs\u00fcbergreifender <strong>Enabler f\u00fcr Portfolio- und Budgetentscheidungen<\/strong> \u00fcber alle Managementebenen hinweg<\/p>\n\n\n\n<p class=\"has-accent-5-color has-text-color has-link-color has-small-font-size wp-elements-0e94f49cbaed13082c4a4c1f7b5681e8 translation-block\">\u2022 <strong>Agiles Projektmanagement<\/strong> und Koordination externer Dienstleister<\/p>\n\n\n\n<p class=\"has-accent-5-color has-text-color has-link-color has-small-font-size wp-elements-a141e55beae89f1b97d139d68202d35b translation-block\">\u2022 <strong>Trainer, Speaker und Workshop-Moderator<\/strong> rund um digitale Transformation, KI und agentische Anwendungen<\/p>\n\n\n\n<p class=\"has-accent-5-color has-text-color has-link-color has-small-font-size wp-elements-40ab5701f6fd2ca1b6a03a12eda3a110 translation-block\">\u2022 Empathischer und vertrauensw\u00fcrdiger <strong>Coach und Leader<\/strong>. Multikulturelle Agilit\u00e4t mit Erfahrung in der EU, Asien und Nordamerika.<\/p>\n<\/details>\n\n\n\n<details class=\"wp-block-details has-medium-font-size is-layout-flow wp-block-details-is-layout-flow\"><summary>Ein paar visuelle Eindr\u00fccke<\/summary>\n<figure class=\"wp-block-gallery has-nested-images columns-default is-cropped wp-block-gallery-1 is-layout-flex wp-block-gallery-is-layout-flex\">\n<figure class=\"wp-block-image size-large is-style-default\"><img loading=\"lazy\" decoding=\"async\" width=\"681\" height=\"1024\" data-id=\"536\" src=\"https:\/\/giroux.de\/wp-content\/uploads\/2026\/04\/ich-8-1-681x1024.jpg\" alt=\"\" class=\"wp-image-536\" srcset=\"https:\/\/giroux.de\/wp-content\/uploads\/2026\/04\/ich-8-1-681x1024.jpg 681w, https:\/\/giroux.de\/wp-content\/uploads\/2026\/04\/ich-8-1-200x300.jpg 200w, https:\/\/giroux.de\/wp-content\/uploads\/2026\/04\/ich-8-1.jpg 724w\" sizes=\"auto, (max-width: 681px) 100vw, 681px\" \/><\/figure>\n\n\n\n<figure class=\"wp-block-image size-large\"><img loading=\"lazy\" decoding=\"async\" width=\"996\" height=\"825\" data-id=\"537\" src=\"https:\/\/giroux.de\/wp-content\/uploads\/2026\/04\/ich-7.jpg\" alt=\"\" class=\"wp-image-537\" srcset=\"https:\/\/giroux.de\/wp-content\/uploads\/2026\/04\/ich-7.jpg 996w, https:\/\/giroux.de\/wp-content\/uploads\/2026\/04\/ich-7-300x248.jpg 300w, https:\/\/giroux.de\/wp-content\/uploads\/2026\/04\/ich-7-768x636.jpg 768w\" sizes=\"auto, (max-width: 996px) 100vw, 996px\" \/><\/figure>\n\n\n\n<figure class=\"wp-block-image size-large\"><img loading=\"lazy\" decoding=\"async\" width=\"862\" height=\"900\" data-id=\"539\" src=\"https:\/\/giroux.de\/wp-content\/uploads\/2026\/04\/ich-9.jpg\" alt=\"\" class=\"wp-image-539\" srcset=\"https:\/\/giroux.de\/wp-content\/uploads\/2026\/04\/ich-9.jpg 862w, https:\/\/giroux.de\/wp-content\/uploads\/2026\/04\/ich-9-287x300.jpg 287w, https:\/\/giroux.de\/wp-content\/uploads\/2026\/04\/ich-9-768x802.jpg 768w\" sizes=\"auto, (max-width: 862px) 100vw, 862px\" \/><\/figure>\n<\/figure>\n\n\n\n<figure class=\"wp-block-image size-full is-resized\"><img loading=\"lazy\" decoding=\"async\" width=\"608\" height=\"648\" src=\"https:\/\/giroux.de\/wp-content\/uploads\/2026\/04\/ich-12.jpg\" alt=\"\" class=\"wp-image-604\" style=\"aspect-ratio:0.9382668582271342;width:365px;height:auto\" srcset=\"https:\/\/giroux.de\/wp-content\/uploads\/2026\/04\/ich-12.jpg 608w, https:\/\/giroux.de\/wp-content\/uploads\/2026\/04\/ich-12-281x300.jpg 281w\" sizes=\"auto, (max-width: 608px) 100vw, 608px\" \/><\/figure>\n<\/details>\n\n\n\n<p class=\"has-text-align-center has-large-font-size\"><\/p>\n<\/div><\/div>\n\n\n\n<div class=\"wp-block-columns is-layout-flex wp-container-core-columns-is-layout-28f84493 wp-block-columns-is-layout-flex\">\n<div class=\"wp-block-column is-layout-flow wp-block-column-is-layout-flow\" style=\"flex-basis:66.66%\"><\/div>\n\n\n\n<div class=\"wp-block-column is-layout-flow wp-block-column-is-layout-flow\" style=\"flex-basis:33.33%\"><\/div>\n<\/div>\n\n\n\n<hr class=\"wp-block-separator has-alpha-channel-opacity\"\/>\n\n\n\n<hr class=\"wp-block-separator alignfull has-text-color has-accent-2-color has-alpha-channel-opacity has-accent-2-background-color has-background\"\/>\n\n\n\n<div class=\"wp-block-columns is-layout-flex wp-container-core-columns-is-layout-28f84493 wp-block-columns-is-layout-flex\">\n<div class=\"wp-block-column is-layout-flow wp-block-column-is-layout-flow\">\n<figure class=\"wp-block-image size-full\"><img loading=\"lazy\" decoding=\"async\" width=\"50\" height=\"50\" src=\"https:\/\/giroux.de\/wp-content\/uploads\/2026\/03\/cropped-logo-e1774366698810.png\" alt=\"\" class=\"wp-image-106\"\/><\/figure>\n<\/div>\n\n\n\n<div class=\"wp-block-column is-layout-flow wp-block-column-is-layout-flow\">\n<p class=\"has-text-align-center has-accent-5-color has-text-color has-link-color has-medium-font-size wp-elements-849dab642386dc284a24fd4ce51dce1a\">Frank Giroux<\/p>\n<\/div>\n\n\n\n<div class=\"wp-block-column is-layout-flow wp-block-column-is-layout-flow\">\n<p class=\"has-text-align-right has-accent-5-color has-text-color has-link-color has-small-font-size wp-elements-8973cc206adb16834761f1c3c38540b0\">Kontakt: Frank.giroux.ai@pm.me<\/p>\n<\/div>\n<\/div>\n\n\n<nav class=\"has-text-color has-accent-5-color has-small-font-size items-justified-center wp-block-navigation is-content-justification-center is-layout-flex wp-container-core-navigation-is-layout-a89b3969 wp-block-navigation-is-layout-flex\" aria-label=\"Men\u00fc 2\"><ul class=\"wp-block-navigation__container has-text-color has-accent-5-color has-small-font-size items-justified-center wp-block-navigation has-small-font-size\"><li class=\"has-small-font-size wp-block-navigation-item wp-block-navigation-link\"><a class=\"wp-block-navigation-item__content\"  href=\"https:\/\/giroux.de\/de\/\"><span class=\"wp-block-navigation-item__label\">Home<\/span><\/a><\/li><li class=\"has-small-font-size wp-block-navigation-item wp-block-navigation-link\"><a class=\"wp-block-navigation-item__content\"  href=\"https:\/\/giroux.de\/de\/legalnotice\/\"><span class=\"wp-block-navigation-item__label\">Impressum<\/span><\/a><\/li><li class=\"has-small-font-size wp-block-navigation-item wp-block-navigation-link\"><a class=\"wp-block-navigation-item__content\"  href=\"https:\/\/giroux.de\/de\/datenschutzerklaerung\/\"><span class=\"wp-block-navigation-item__label\">Datenschutzrichtlinie<\/span><\/a><\/li><\/ul><\/nav>","protected":false},"excerpt":{"rendered":"","protected":false},"author":1,"featured_media":0,"parent":0,"menu_order":0,"comment_status":"closed","ping_status":"closed","template":"","meta":{"footnotes":""},"class_list":["post-279","page","type-page","status-publish","hentry"],"_links":{"self":[{"href":"https:\/\/giroux.de\/de\/wp-json\/wp\/v2\/pages\/279","targetHints":{"allow":["GET"]}}],"collection":[{"href":"https:\/\/giroux.de\/de\/wp-json\/wp\/v2\/pages"}],"about":[{"href":"https:\/\/giroux.de\/de\/wp-json\/wp\/v2\/types\/page"}],"author":[{"embeddable":true,"href":"https:\/\/giroux.de\/de\/wp-json\/wp\/v2\/users\/1"}],"replies":[{"embeddable":true,"href":"https:\/\/giroux.de\/de\/wp-json\/wp\/v2\/comments?post=279"}],"version-history":[{"count":26,"href":"https:\/\/giroux.de\/de\/wp-json\/wp\/v2\/pages\/279\/revisions"}],"predecessor-version":[{"id":752,"href":"https:\/\/giroux.de\/de\/wp-json\/wp\/v2\/pages\/279\/revisions\/752"}],"wp:attachment":[{"href":"https:\/\/giroux.de\/de\/wp-json\/wp\/v2\/media?parent=279"}],"curies":[{"name":"wp","href":"https:\/\/api.w.org\/{rel}","templated":true}]}}