{"id":33,"date":"2026-03-23T15:59:12","date_gmt":"2026-03-23T15:59:12","guid":{"rendered":"https:\/\/giroux.de\/?page_id=33"},"modified":"2026-04-27T08:35:40","modified_gmt":"2026-04-27T08:35:40","slug":"coach-advisor","status":"publish","type":"page","link":"https:\/\/giroux.de\/de\/coach-advisor\/","title":{"rendered":"KI und informationsmanagement"},"content":{"rendered":"<div class=\"wp-block-columns is-layout-flex wp-container-core-columns-is-layout-28f84493 wp-block-columns-is-layout-flex\">\n<div class=\"wp-block-column is-layout-flow wp-block-column-is-layout-flow\" style=\"flex-basis:33.33%\">\n<figure class=\"wp-block-image size-full\"><img loading=\"lazy\" decoding=\"async\" width=\"1040\" height=\"2297\" src=\"https:\/\/giroux.de\/wp-content\/uploads\/2026\/04\/ich-form-67.png\" alt=\"\" class=\"wp-image-558\" srcset=\"https:\/\/giroux.de\/wp-content\/uploads\/2026\/04\/ich-form-67.png 1040w, https:\/\/giroux.de\/wp-content\/uploads\/2026\/04\/ich-form-67-136x300.png 136w, https:\/\/giroux.de\/wp-content\/uploads\/2026\/04\/ich-form-67-464x1024.png 464w, https:\/\/giroux.de\/wp-content\/uploads\/2026\/04\/ich-form-67-768x1696.png 768w, https:\/\/giroux.de\/wp-content\/uploads\/2026\/04\/ich-form-67-695x1536.png 695w, https:\/\/giroux.de\/wp-content\/uploads\/2026\/04\/ich-form-67-927x2048.png 927w\" sizes=\"auto, (max-width: 1040px) 100vw, 1040px\" \/><\/figure>\n<\/div>\n\n\n\n<div class=\"wp-block-column is-layout-flow wp-block-column-is-layout-flow\" style=\"flex-basis:66.66%\">\n<p class=\"has-text-align-left\" style=\"margin-top:var(--wp--preset--spacing--40);margin-bottom:var(--wp--preset--spacing--40)\"><strong>KI und informationsmanagement<\/strong><\/p>\n\n\n\n<hr class=\"wp-block-separator has-alpha-channel-opacity\"\/>\n\n\n\n<p class=\"has-large-font-size\" style=\"margin-top:var(--wp--preset--spacing--50);margin-bottom:var(--wp--preset--spacing--50)\">Wenn meine Firma nur w\u00fcsste, was meine Firma wei\u00df!<\/p>\n\n\n\n<p class=\"has-medium-font-size\"><em>Manger in jeder FIrma<\/em><\/p>\n<\/div>\n<\/div>\n\n\n\n<p>Supply Chain Management zeigt mit KI gro\u00dfe finanzielle Potenziale f\u00fcr Verbesserungen auf. Verstreute Informationslandschaften und unrealistische Erwartungen erfordern jedoch methodische Anleitung.<\/p>\n\n\n\n<p>Mit 30 Jahren Erfahrung in der digitalen Transformation des Supply Chain Managements ist  es meine Rolle:<\/p>\n\n\n\n<p class=\"translation-block\">\u2022 Ihre Aktivit\u00e4ten auf das Wesentliche auszurichten, den richtigen Fokus zu finden<\/p>\n\n\n\n<p class=\"translation-block\">\u2022 Ihre Organisation f\u00fcr die Nutzung von KI vorzubereiten<\/p>\n\n\n\n<p class=\"translation-block\">\u2022 Alle Aktivit\u00e4ten an der Unternehmensstrategie zu orientieren<\/p>\n\n\n\n<p class=\"translation-block\">\u2022 Ihre Projekte zum Erfolg zu f\u00fchren und die externen Partner zu koordinieren<\/p>\n\n\n\n<hr class=\"wp-block-separator alignfull has-text-color has-accent-5-color has-alpha-channel-opacity has-accent-5-background-color has-background\"\/>\n\n\n\n<p class=\"has-text-align-center translation-block\">KI-Agenten sind ein Katalysator f\u00fcr Ihre Kolleginnen und Kollegen, um in Zukunft sicher mit den Entscheidungsvorschl\u00e4gen von Algorithmen zu arbeiten.<\/p>\n\n\n\n<hr class=\"wp-block-separator alignfull has-text-color has-accent-5-color has-alpha-channel-opacity has-accent-5-background-color has-background\"\/>\n\n\n\n<details class=\"wp-block-details has-accent-5-color has-text-color has-link-color has-medium-font-size wp-elements-fbb80a43022920cb887216c1b58ed38b is-layout-flow wp-block-details-is-layout-flow\" open><summary><strong>Vorteile KI-gest\u00fctzter Automatisierung<\/strong><\/summary>\n<ul class=\"wp-block-list\">\n<li class=\"has-accent-5-color has-text-color has-link-color has-medium-font-size wp-elements-c63500d46c8f6747973b07b6edcb8fe5\">Verbesserter Zugriff auf Ihre Dokumente, Regeln und Richtlinien f\u00fcr Onboarding und t\u00e4gliche Abl\u00e4ufe \u2013 erh\u00f6ht. <strong>Effizienz<\/strong><\/li>\n\n\n\n<li class=\"has-accent-5-color has-text-color has-link-color has-medium-font-size wp-elements-4a6e8bcf83bc15d42723683236e7a264 translation-block\">Verbessern Sie Ihre Interpretation von Gesch\u00e4ftsdaten \u2013 erhebliches Kosteneinsparpotenzial.<\/li>\n\n\n\n<li class=\"has-accent-5-color has-text-color has-link-color has-medium-font-size wp-elements-8083e542961cfc7742e8e57c514b21fd translation-block\">Optimierung der Schnittstellen zu Lieferanten und Kunden zur Steigerung der Prozesseffizienz und Partnerbindung.<\/li>\n\n\n\n<li class=\"has-accent-5-color has-text-color has-link-color has-medium-font-size wp-elements-873015dffe29bf9e4ee9e812bba7c3b8 translation-block\">Senkung der Einstiegsh\u00fcrde f\u00fcr die Nutzung von KI-L\u00f6sungen, die f\u00fcr Anwender wie eine Black Box wirken \u2013 Aufbau von KI als organisatorische Kompetenz.<\/li>\n\n\n\n<li class=\"has-accent-5-color has-text-color has-link-color has-medium-font-size wp-elements-cb8d1ee54a4a5ec4cb9ac0e63c75a45e translation-block\">Bereiten Sie Ihre Organisation auf den regelkonformen, sicheren und verantwortungsvollen Einsatz von KI-L\u00f6sungen vor \u2013 vermeiden Sie Kosten durch Compliance-Probleme.<\/li>\n<\/ul>\n<\/details>\n\n\n\n<hr class=\"wp-block-separator has-alpha-channel-opacity\"\/>\n\n\n\n<details class=\"wp-block-details has-accent-5-color has-text-color has-link-color has-medium-font-size wp-elements-5ed678a194c59d06d5d7a45e5f831d81 is-layout-flow wp-block-details-is-layout-flow\" open><summary><strong>Referenz-Projekte<\/strong><\/summary>\n<ul class=\"wp-block-list\">\n<li class=\"translation-block\">Implementierung eines auf gro\u00dfen Sprachmodellen (LLM) basierenden KI-Informationsassistenten f\u00fcr das Onboarding im Bereich Lager und Transport zur Reduzierung der Einarbeitungszeit.<\/li>\n\n\n\n<li class=\"translation-block\">Bewertung diverser Anwendungsf\u00e4lle f\u00fcr den Einsatz von LLMs in Verbindung mit BI-Daten. Verhandlung einer Implementierungs-Roadmap mit globalen Stakeholdern. Die Roadmap f\u00fchrte zu erheblichen Potenzialen im Bereich des Bestandsmanagements.<\/li>\n\n\n\n<li class=\"translation-block\">Fachliche F\u00fchrungsrolle im Informationsmanagement mit KI sowie Referent und Autor von White Papers zu Large Language Models f\u00fcr die Optimierung interner Prozesse.<\/li>\n\n\n\n<li class=\"translation-block\">Aufbau einer Chatbot-Fabrik im Jahr 2020 mit \u00fcber 15.000 internen Konversationen innerhalb der ersten sechs Monate.<\/li>\n\n\n\n<li>Aufbau einer f\u00f6derierten Suchplattform zur Verwaltung aller Dokumente eines globalen Unternehmens. <\/li>\n<\/ul>\n<\/details>\n\n\n\n<p><\/p>\n\n\n\n<details class=\"wp-block-details has-medium-font-size is-layout-flow wp-block-details-is-layout-flow\" open><summary><strong>Typische Support-Szenarien<\/strong><\/summary>\n<ul class=\"wp-block-list\">\n<li class=\"translation-block\">Aufbau von Verst\u00e4ndnis f\u00fcr Large Language Models in der Organisation durch ein Schulungsprogramm (4 Stunden), das Chancen und Grenzen von KI-L\u00f6sungen in der Lieferkette vermittelt.<\/li>\n\n\n\n<li class=\"translation-block\">Entwicklung eines Portfolios an KI-L\u00f6sungen f\u00fcr die Lieferkette im Rahmen zweit\u00e4giger Workshops auf Fach- oder Managementebene.<\/li>\n\n\n\n<li>Define <strong>strategischer Wert von Initiativen <\/strong>und Priorisierung der Einbeziehung von Business Case-Sch\u00e4tzungen \u2013 Insgesamt 5 Tage Orientierung, teilweise mit Gesch\u00e4ftsvertretern<\/li>\n\n\n\n<li class=\"translation-block\">Evaluierung von Pilotprojekten f\u00fcr Ihre Ideen \u2013 der Umfang richtet sich nach der jeweiligen Komplexit\u00e4t.<\/li>\n\n\n\n<li class=\"translation-block\">Evaluierung von Pilotprojekten f\u00fcr Ihre Ideen \u2013 der Umfang richtet sich nach der jeweiligen Komplexit\u00e4t.<\/li>\n\n\n\n<li class=\"translation-block\">Ausarbeitung eines Konzepts zur organisatorischen Einf\u00fchrung mit ca. 10 Tagen Vorbereitung, teilweise unter Einbindung von Firmenvertretern.<\/li>\n<\/ul>\n<\/details>\n\n\n\n<hr class=\"wp-block-separator alignfull has-text-color has-accent-5-color has-alpha-channel-opacity has-accent-5-background-color has-background\"\/>\n\n\n\n<p class=\"translation-block\">Zusammenarbeit mit Dark Horse<\/p>\n\n\n\n<div class=\"wp-block-columns is-layout-flex wp-container-core-columns-is-layout-28f84493 wp-block-columns-is-layout-flex\">\n<div class=\"wp-block-column is-layout-flow wp-block-column-is-layout-flow\">\n<p class=\"has-accent-5-color has-text-color has-link-color has-medium-font-size wp-elements-fb656de55ac339eb751c346564fef7a9 translation-block\">Ich arbeite zusammen mit Dark Horse Innovation mit verschiedenen Beratungspaketen zu Large language models f\u00fcr Unternehmen.<\/p>\n<\/div>\n\n\n\n<div class=\"wp-block-column is-layout-flow wp-block-column-is-layout-flow\">\n<p class=\"has-accent-5-color has-text-color has-link-color has-medium-font-size wp-elements-69427980bacd6b685dd0fe0f8fc955b3\">Wir veranstalten regelm\u00e4\u00dfige Webinare, in denen wir Ihnen bew\u00e4hrte Verfahren und M\u00f6glichkeiten zur Integration der Technologie vorstellen. Den aktuellen Zeitplan finden Sie hier: <\/p>\n\n\n\n<p><a href=\"https:\/\/www.darkhorseacademy.de\/webinare\" target=\"_blank\" rel=\"noreferrer noopener\">Webinare Dark Horse<\/a><\/p>\n<\/div>\n<\/div>\n\n\n\n<hr class=\"wp-block-separator alignfull has-text-color has-accent-5-color has-alpha-channel-opacity has-accent-5-background-color has-background\"\/>\n\n\n\n<div class=\"wp-block-columns is-layout-flex wp-container-core-columns-is-layout-28f84493 wp-block-columns-is-layout-flex\">\n<div class=\"wp-block-column is-layout-flow wp-block-column-is-layout-flow\" style=\"flex-basis:33.33%\">\n<p class=\"has-accent-5-color has-text-color has-link-color wp-elements-764386c1e331a76bb464e26814f79f05\">Kostenlosen Videoanruf planen<\/p>\n<\/div>\n\n\n\n<div class=\"wp-block-column is-layout-flow wp-block-column-is-layout-flow\" style=\"flex-basis:66.66%\">\t\t\t<link rel=\"stylesheet\" property=\"stylesheet\" href=\"https:\/\/giroux.de\/wp-content\/plugins\/happyforms\/bundles\/css\/frontend.css\" \/>\n\t\t\t\t<!-- HappyForms CSS variables -->\n\t<style>\n\t#happyforms-449 {\n\t\t--happyforms-part-title-font-size: 16px;\n--happyforms-part-description-font-size: 12px;\n--happyforms-part-value-font-size: 16px;\n--happyforms-submit-button-font-size: 16px;\n--happyforms-color-primary: #000000;\n--happyforms-color-success-notice: #ebf9f0;\n--happyforms-color-success-notice-text: #1eb452;\n--happyforms-color-error: #f23000;\n--happyforms-color-error-notice: #ffeeea;\n--happyforms-color-error-notice-text: #f23000;\n--happyforms-color-part-title: #000000;\n--happyforms-color-part-value: #000000;\n--happyforms-color-part-placeholder: #888888;\n--happyforms-color-part-description: #454545;\n--happyforms-color-part-border: #dbdbdb;\n--happyforms-color-part-border-focus: #7aa4ff;\n--happyforms-color-part-background: #ffffff;\n--happyforms-color-part-background-focus: #ffffff;\n--happyforms-color-submit-background: #000000;\n--happyforms-color-submit-background-hover: #000000;\n--happyforms-color-submit-border: ;\n--happyforms-color-submit-text: #ffffff;\n--happyforms-color-submit-text-hover: #ffffff;\n--happyforms-color-table-row-odd: #fcfcfc;\n--happyforms-color-table-row-even: #efefef;\n--happyforms-color-table-row-odd-text: #000000;\n--happyforms-color-table-row-even-text: #000000;\n--happyforms-color-dropdown-item-bg: #ffffff;\n--happyforms-color-dropdown-item-text: #000000;\n--happyforms-color-dropdown-item-bg-hover: #f4f4f5;\n--happyforms-color-dropdown-item-text-hover: #000000;\n--happyforms-color-divider-hr: #cccccc;\n--happyforms-color-choice-checkmark-bg: #ffffff;\n--happyforms-color-choice-checkmark-bg-focus: #000000;\n--happyforms-color-choice-checkmark-color: #ffffff;\n\t}\n\t<\/style>\n\t<!-- End of HappyForms CSS variables -->\n\t\t<!-- HappyForms Additional CSS -->\n\t<style data-happyforms-additional-css>\n\t\t<\/style>\n\t<!-- End of HappyForms Additional CSS -->\n\t\t\t<link rel=\"stylesheet\" type=\"text\/css\" href=\"https:\/\/giroux.de\/wp-content\/plugins\/happyforms\/core\/assets\/css\/no-interaction.css\">\n\t\t<div class=\"happyforms-form happyforms-styles\" id=\"happyforms-449\">\n\t\t\n\t<form action=\"\" id=\"happyforms-form-449\" method=\"post\" novalidate=\"true\" autocomplete=\"off\" data-trp-original-action=\"\">\n\t\t\t\t<input type=\"hidden\" name=\"happyforms_random_seed\" value=\"4035662504\" \/>\n\t\t\n\t\t\t<input type=\"hidden\" name=\"action\" value=\"happyforms_message\">\n\t\t\t\t<input type=\"hidden\" name=\"client_referer\" value=\"\">\n\t\t\t\t<input type=\"hidden\" name=\"current_post_id\" value=\"\">\n\t\t\t\t<input type=\"hidden\" name=\"happyforms_form_id\" value=\"449\" \/>\n\t\t\t\t<input type=\"hidden\" name=\"happyforms_step\" value=\"0\" \/>\n\t\n\t\t<div class=\"happyforms-flex\">\n\t\t\t\t<label for=\"449-number\" class=\"screen-reader-text\">Lass dieses Feld leer<\/label>\n\t<input type=\"text\" id=\"449-number\" name=\"449-number\" style=\"display: none;\" tabindex=\"-1\" autocomplete=\"off\" aria-hidden=\"true\">\n\t\t\t\t\t\t\t\t\t\t<div class=\"happyforms-form__part happyforms-part happyforms-part--single_line_text happyforms-part--width-full happyforms-part--label-show\" id=\"happyforms-449_single_line_text_1-part\" data-happyforms-type=\"single_line_text\" data-happyforms-id=\"single_line_text_1\" data-happyforms-required=\"\">\n\t<div class=\"happyforms-part-wrap\">\n\t\t\n\t\t\t\t\t\t<div class=\"happyforms-part__label-container\">\n\t\t\t\t<label for=\"happyforms-449_single_line_text_1\" class=\"happyforms-part__label\">\n\t\t\t<span class=\"label\">Name<\/span>\n\t\t\t\t\t\t\t\t\t\t<span class=\"happyforms-required\"><\/span>\n\t\t\t\t\t\t\t\t\t\t<span class=\"happyforms-optional\">(optional)<\/span>\n\t\t\t\t\t<\/label>\n\t\t\t<\/div>\n\t\t\t\n\t\t\n\t\t<div class=\"happyforms-part__el\">\n\t\t\t\n\t\t\t\n\t\t\t<div class=\"happyforms-input\">\n\t\t\t\t\n\t\t\t\t<input id=\"happyforms-449_single_line_text_1\" type=\"text\" name=\"449_single_line_text_1\" value=\"\" placeholder=\"\" autocomplete=\"off\" spellcheck=\"false\"  autocorrect=\"off\" \/>\n\t\t\t\t\t\t\t<\/div>\n\n\t\t\t\n\t\t\t\n\t\t\t\t\t<\/div>\n\t<\/div>\n<\/div>\n<div class=\"happyforms-part--with-autocomplete happyforms-form__part happyforms-part happyforms-part--email happyforms-part--width-full happyforms-part--label-show\" id=\"happyforms-449_email_2-part\" data-happyforms-type=\"email\" data-happyforms-id=\"email_2\" data-happyforms-required=\"\">\n\t\t<div class=\"happyforms-part-wrap\">\n\t\t\t\t\t\t<div class=\"happyforms-part__label-container\">\n\t\t\t\t<label for=\"happyforms-449_email_2\" class=\"happyforms-part__label\">\n\t\t\t<span class=\"label\">E-Mail<\/span>\n\t\t\t\t\t\t\t\t\t\t<span class=\"happyforms-required\"><\/span>\n\t\t\t\t\t\t\t\t\t\t<span class=\"happyforms-optional\">(optional)<\/span>\n\t\t\t\t\t<\/label>\n\t\t\t<\/div>\n\t\t\t\n\t\t\n\t\t<div class=\"happyforms-part__el\">\n\t\t\t\n\t\t\t\n\t\t\t<div class=\"happyforms-input\">\n\t\t\t\t<input type=\"email\" name=\"449_email_2\" id=\"happyforms-449_email_2\" value=\"\" placeholder=\"\" autocomplete=\"off\" spellcheck=\"false\"  autocorrect=\"off\" \/>\n\t\t\t\t\t\t\t<\/div>\n\n\t\t\t\n\t\t\t\n\t\t\t\t\t<\/div>\n\t<\/div>\n<\/div>\n<div class=\"happyforms-form__part happyforms-part happyforms-part--single_line_text happyforms-part--width-full happyforms-part--label-show\" id=\"happyforms-449_single_line_text_3-part\" data-happyforms-type=\"single_line_text\" data-happyforms-id=\"single_line_text_3\" data-happyforms-required=\"\">\n\t<div class=\"happyforms-part-wrap\">\n\t\t\n\t\t\t\t\t\t<div class=\"happyforms-part__label-container\">\n\t\t\t\t<label for=\"happyforms-449_single_line_text_3\" class=\"happyforms-part__label\">\n\t\t\t<span class=\"label\">Anfrage<\/span>\n\t\t\t\t\t\t\t\t\t\t<span class=\"happyforms-required\"><\/span>\n\t\t\t\t\t\t\t\t\t\t<span class=\"happyforms-optional\">(optional)<\/span>\n\t\t\t\t\t<\/label>\n\t\t\t<\/div>\n\t\t\t\n\t\t\n\t\t<div class=\"happyforms-part__el\">\n\t\t\t\n\t\t\t\n\t\t\t<div class=\"happyforms-input\">\n\t\t\t\t\n\t\t\t\t<input id=\"happyforms-449_single_line_text_3\" type=\"text\" name=\"449_single_line_text_3\" value=\"\" placeholder=\"\" autocomplete=\"off\" spellcheck=\"false\"  autocorrect=\"off\" \/>\n\t\t\t\t\t\t\t<\/div>\n\n\t\t\t\n\t\t\t\n\t\t\t\t\t<\/div>\n\t<\/div>\n<\/div>\n<div class=\"happyforms-part--choice display-type--block happyforms-form__part happyforms-part happyforms-part--radio happyforms-part--width-auto happyforms-part--label-show\" id=\"happyforms-449_radio_4-part\" data-happyforms-type=\"radio\" data-happyforms-id=\"radio_4\" data-happyforms-required=\"\">\n\t<div class=\"happyforms-part-wrap\">\n\t\t\t<div class=\"happyforms-part__label-container\">\n\t\t\t\t<label for=\"happyforms-449_radio_4\" class=\"happyforms-part__label\">\n\t\t\t<span class=\"label\">Haftungsausschluss<\/span>\n\t\t\t\t\t\t\t\t\t\t<span class=\"happyforms-required\"><\/span>\n\t\t\t\t\t\t\t\t\t\t<span class=\"happyforms-optional\">(optional)<\/span>\n\t\t\t\t\t<\/label>\n\t\t\t<\/div>\n\t\n\t\t\n\t\t\n\t\t<div class=\"happyforms-part__el\">\n\t\t\t\t\t\t\t\t\t\t<div class=\"happyforms-part__option happyforms-part-option\" id=\"radio_4_option_1774897491488\">\n\t\t\t\t<label class=\"option-label\">\n\t\t\t\t\t<input type=\"radio\" class=\"happyforms-visuallyhidden\" name=\"449_radio_4\" value=\"0\"  autocomplete=\"off\" spellcheck=\"false\" >\n\t\t\t\t\t<span class=\"checkmark\"><span class=\"happyforms-radio-circle\"><\/span><\/span>\n\t\t\t\t\t<span class=\"label-wrap\">\n\t\t\t\t\t\t<span class=\"label\">Ich stimme der Verarbeitung meiner personenbezogenen Daten zum Zwecke der Beantwortung meiner Anfrage zu. Ich habe die Datenschutzerkl\u00e4rung gelesen und akzeptiere diese und bin mir bewusst, dass ich meine Zustimmung jederzeit widerrufen kann.<\/span>\t\t\t\t\t<\/span>\n\t\t\t\t<\/label>\n\t\t\t\t\t\t\t<\/div>\n\t\t\t\n\t\t\t\n\t\t\t\t\t<\/div>\n\t<\/div>\n<\/div>\n\t\t\t\t\t\t<div class=\"happyforms-form__part happyforms-part happyforms-part--submit\">\n\t\t<button type=\"submit\" class=\"happyforms-submit happyforms-button--submit\">Senden<\/button>\n\t<\/div>\t\t<\/div>\n\n\t\t\t<input type=\"hidden\" name=\"trp-form-language\" value=\"de\"\/><\/form>\n\n\t<\/div>\n<\/div>\n<\/div>\n\n\n\n<hr class=\"wp-block-separator alignwide has-alpha-channel-opacity\"\/>\n\n\n\n<hr class=\"wp-block-separator alignfull has-text-color has-accent-2-color has-alpha-channel-opacity has-accent-2-background-color has-background\"\/>\n\n\n\n<div class=\"wp-block-columns is-layout-flex wp-container-core-columns-is-layout-28f84493 wp-block-columns-is-layout-flex\">\n<div class=\"wp-block-column is-layout-flow wp-block-column-is-layout-flow\">\n<figure class=\"wp-block-image size-full\"><img loading=\"lazy\" decoding=\"async\" width=\"50\" height=\"50\" src=\"https:\/\/giroux.de\/wp-content\/uploads\/2026\/03\/cropped-logo-e1774366698810.png\" alt=\"\" class=\"wp-image-106\"\/><\/figure>\n<\/div>\n\n\n\n<div class=\"wp-block-column is-layout-flow wp-block-column-is-layout-flow\">\n<p class=\"has-text-align-center has-accent-5-color has-text-color has-link-color has-medium-font-size wp-elements-849dab642386dc284a24fd4ce51dce1a\">Frank Giroux<\/p>\n<\/div>\n\n\n\n<div class=\"wp-block-column is-layout-flow wp-block-column-is-layout-flow\">\n<p class=\"has-text-align-right has-accent-5-color has-text-color has-link-color has-small-font-size wp-elements-8973cc206adb16834761f1c3c38540b0\">Kontakt: Frank.giroux.ai@pm.me<\/p>\n<\/div>\n<\/div>\n\n\n<nav class=\"has-text-color has-accent-5-color has-small-font-size items-justified-center wp-block-navigation is-content-justification-center is-layout-flex wp-container-core-navigation-is-layout-a89b3969 wp-block-navigation-is-layout-flex\" aria-label=\"Men\u00fc 2\"><ul class=\"wp-block-navigation__container has-text-color has-accent-5-color has-small-font-size items-justified-center wp-block-navigation has-small-font-size\"><li class=\"has-small-font-size wp-block-navigation-item wp-block-navigation-link\"><a class=\"wp-block-navigation-item__content\"  href=\"https:\/\/giroux.de\/de\/\"><span class=\"wp-block-navigation-item__label\">Home<\/span><\/a><\/li><li class=\"has-small-font-size wp-block-navigation-item wp-block-navigation-link\"><a class=\"wp-block-navigation-item__content\"  href=\"https:\/\/giroux.de\/de\/legalnotice\/\"><span class=\"wp-block-navigation-item__label\">Impressum<\/span><\/a><\/li><li class=\"has-small-font-size wp-block-navigation-item wp-block-navigation-link\"><a class=\"wp-block-navigation-item__content\"  href=\"https:\/\/giroux.de\/de\/datenschutzerklaerung\/\"><span class=\"wp-block-navigation-item__label\">Datenschutzrichtlinie<\/span><\/a><\/li><\/ul><\/nav>","protected":false},"excerpt":{"rendered":"<p>AI and information management \u201cIf only my company knew what my company knows.\u201d \u2013 any manager of any company Supply chain management shows big financial potentials for improvements with AI. Yet, scattered information landscapes and unfocused expectations require methodological guidance. With 30 years of experience in digital transformation of supply chain management my role is [&hellip;]<\/p>\n","protected":false},"author":1,"featured_media":0,"parent":0,"menu_order":0,"comment_status":"closed","ping_status":"closed","template":"page-no-title","meta":{"footnotes":""},"class_list":["post-33","page","type-page","status-publish","hentry"],"_links":{"self":[{"href":"https:\/\/giroux.de\/de\/wp-json\/wp\/v2\/pages\/33","targetHints":{"allow":["GET"]}}],"collection":[{"href":"https:\/\/giroux.de\/de\/wp-json\/wp\/v2\/pages"}],"about":[{"href":"https:\/\/giroux.de\/de\/wp-json\/wp\/v2\/types\/page"}],"author":[{"embeddable":true,"href":"https:\/\/giroux.de\/de\/wp-json\/wp\/v2\/users\/1"}],"replies":[{"embeddable":true,"href":"https:\/\/giroux.de\/de\/wp-json\/wp\/v2\/comments?post=33"}],"version-history":[{"count":78,"href":"https:\/\/giroux.de\/de\/wp-json\/wp\/v2\/pages\/33\/revisions"}],"predecessor-version":[{"id":799,"href":"https:\/\/giroux.de\/de\/wp-json\/wp\/v2\/pages\/33\/revisions\/799"}],"wp:attachment":[{"href":"https:\/\/giroux.de\/de\/wp-json\/wp\/v2\/media?parent=33"}],"curies":[{"name":"wp","href":"https:\/\/api.w.org\/{rel}","templated":true}]}}