{"id":701,"date":"2026-04-24T14:10:42","date_gmt":"2026-04-24T14:10:42","guid":{"rendered":"https:\/\/giroux.de\/?page_id=701"},"modified":"2026-04-27T08:37:37","modified_gmt":"2026-04-27T08:37:37","slug":"701-2","status":"publish","type":"page","link":"https:\/\/giroux.de\/de\/701-2\/","title":{"rendered":"Digitalisierung und Automatisierung Ihrer Lieferkette"},"content":{"rendered":"<p class=\"is-style-default\"><\/p>\n\n\n\n<div class=\"wp-block-group alignfull has-global-padding is-layout-constrained wp-block-group-is-layout-constrained\" style=\"margin-top:0;margin-bottom:0\"><\/div>\n\n\n\n<div class=\"wp-block-columns is-layout-flex wp-container-core-columns-is-layout-28f84493 wp-block-columns-is-layout-flex\">\n<div class=\"wp-block-column is-layout-flow wp-block-column-is-layout-flow\">\n<figure class=\"wp-block-image aligncenter size-large is-resized\"><img loading=\"lazy\" decoding=\"async\" width=\"372\" height=\"1024\" src=\"https:\/\/giroux.de\/wp-content\/uploads\/2026\/04\/ich-form-10-2-372x1024.png\" alt=\"\" class=\"wp-image-753\" style=\"aspect-ratio:0.3906229798134954;width:172px;height:auto\" srcset=\"https:\/\/giroux.de\/wp-content\/uploads\/2026\/04\/ich-form-10-2-372x1024.png 372w, https:\/\/giroux.de\/wp-content\/uploads\/2026\/04\/ich-form-10-2-109x300.png 109w, https:\/\/giroux.de\/wp-content\/uploads\/2026\/04\/ich-form-10-2-768x2113.png 768w, https:\/\/giroux.de\/wp-content\/uploads\/2026\/04\/ich-form-10-2-558x1536.png 558w, https:\/\/giroux.de\/wp-content\/uploads\/2026\/04\/ich-form-10-2-744x2048.png 744w, https:\/\/giroux.de\/wp-content\/uploads\/2026\/04\/ich-form-10-2-4x12.png 4w, https:\/\/giroux.de\/wp-content\/uploads\/2026\/04\/ich-form-10-2.png 835w\" sizes=\"auto, (max-width: 372px) 100vw, 372px\" \/><\/figure>\n<\/div>\n\n\n\n<div class=\"wp-block-column is-vertically-aligned-top is-layout-flow wp-block-column-is-layout-flow\">\n<p class=\"has-text-align-left has-accent-5-color has-text-color has-link-color has-large-font-size wp-elements-1d2b3f84251c599f76640b7070ac0629\" style=\"margin-top:var(--wp--preset--spacing--40);margin-bottom:var(--wp--preset--spacing--40)\"><strong>Digitalisierung und Automatisierung Ihrer Lieferkette<\/strong><\/p>\n\n\n\n<hr class=\"wp-block-separator has-alpha-channel-opacity\"\/>\n\n\n\n<p class=\"has-large-font-size\">Wir betreiben unsere Montagelinie im \u201aSyst\u00e8me d\u00e9brouille-toi\u2018*.<\/p>\n\n\n\n<p class=\"has-text-align-right is-style-default has-accent-5-color has-text-color has-link-color has-small-font-size wp-elements-ff5944bb2184c36b95f60279bfd56758\" style=\"border-style:none;border-width:0px;margin-top:0;margin-bottom:var(--wp--preset--spacing--40)\"><em>steht f\u00fcr: Dinge spontan und situationsabh\u00e4ngig kl\u00e4ren.<\/em><\/p>\n\n\n\n<p><br><em>\u2013 Montagemitarbeiter in einem globalen Fertigungsunternehmen<\/em><\/p>\n<\/div>\n<\/div>\n\n\n\n<div class=\"wp-block-group alignfull has-global-padding is-layout-constrained wp-block-group-is-layout-constrained\" style=\"margin-top:0;margin-bottom:0\">\n<p>Supply-Chain-Management umfasst datengetriebene End-to-End-Planung, komplexe Disposition sowie physisch gepr\u00e4gte Prozesse in Lagerhaltung und Transport. <\/p>\n\n\n\n<p>Daher gibt es kaum Fortschritte in digitalen Technologien, die f\u00fcr Supply-Chain-Prozesse nicht relevant sind. Die Herausforderung besteht darin, auf Basis Ihrer Prozessanforderungen und strategischen Ziele diejenigen technologischen Bereiche zu identifizieren, die Ihrem Unternehmen Mehrwert bringen, und die \u00fcbrigen konsequent zur\u00fcckzustellen. <\/p>\n\n\n\n<figure class=\"wp-block-image aligncenter size-large is-resized\"><a href=\"https:\/\/giroux.de\/wp-content\/uploads\/2026\/04\/DSN-1-scaled.png\"><img loading=\"lazy\" decoding=\"async\" width=\"1024\" height=\"633\" src=\"https:\/\/giroux.de\/wp-content\/uploads\/2026\/04\/DSN-1-1024x633.png\" alt=\"\" class=\"wp-image-758\" style=\"width:414px;height:auto\" srcset=\"https:\/\/giroux.de\/wp-content\/uploads\/2026\/04\/DSN-1-1024x633.png 1024w, https:\/\/giroux.de\/wp-content\/uploads\/2026\/04\/DSN-1-300x186.png 300w, https:\/\/giroux.de\/wp-content\/uploads\/2026\/04\/DSN-1-768x475.png 768w, https:\/\/giroux.de\/wp-content\/uploads\/2026\/04\/DSN-1-1536x950.png 1536w, https:\/\/giroux.de\/wp-content\/uploads\/2026\/04\/DSN-1-2048x1267.png 2048w, https:\/\/giroux.de\/wp-content\/uploads\/2026\/04\/DSN-1-18x12.png 18w\" sizes=\"auto, (max-width: 1024px) 100vw, 1024px\" \/><\/a><\/figure>\n\n\n\n<p>Mit 30 Jahren Erfahrung in industriellen Supply Chains und Projekterfahrung in allen genannten Bereichen unterst\u00fctze ich den Erfolg Ihrer digitalen Transformation in den folgenden Feldern.<\/p>\n\n\n\n<details class=\"wp-block-details is-layout-flow wp-block-details-is-layout-flow\" open><summary><strong>Referenz-Projekte<\/strong><\/summary>\n<ul class=\"wp-block-list\">\n<li class=\"translation-block\">Erstellung einer Roadmap f\u00fcr die digitale Transformation einer globalen Pharma-Supply-Chain zur Verbesserung von IT-Budgetentscheidungen.<\/li>\n\n\n\n<li class=\"translation-block\">Entwicklung eines Produktionsplanungs-Optimierers zur Reduzierung potenzieller Umsatzverluste um 40 %.<\/li>\n\n\n\n<li class=\"translation-block\">Ausgezeichnet als \u201eSupply Chain Breakthrough of the Year\u201c 2017 bei Bayer Crop Science f\u00fcr die erfolgreiche Implementierung einer B2B-Plattform in den USA.<\/li>\n\n\n\n<li class=\"translation-block\">Leitung globaler Abstimmungsprozesse zur Harmonisierung konkurrierender IT-Investitionen w\u00e4hrend des Rollouts einer SAP-Template-L\u00f6sung in mehreren L\u00e4ndern (u. a. Vietnam, USA, Frankreich).<\/li>\n<\/ul>\n<\/details>\n\n\n\n<details class=\"wp-block-details has-medium-font-size is-layout-flow wp-block-details-is-layout-flow\" open><summary><strong>Typische Support-Szenarien<\/strong><\/summary>\n<ul class=\"wp-block-list\">\n<li>Workshop im Design-Thinking-Format zur Ermittlung von Digitalisierungspotenzialen in der Lieferkette Ihres Unternehmens.<\/li>\n\n\n\n<li>Management-Workshop zur Ausrichtung der Ideation-Ergebnisse auf die Unternehmensstrategie (Business, IT und Daten) und zur Entwicklung einer Transformations-Roadmap. <\/li>\n\n\n\n<li>Projektmanagement: Definition der Projektmanagement-Methode, Umsetzung, Steuerung von Partnern sowie \u00dcbergang in die Betriebs- und Wartungsorganisation.<\/li>\n\n\n\n<li>Strategieentwicklung mit Ableitung von Zielsetzungen f\u00fcr IT- und Datenlandschaften inklusive KI-Integration sowie Definition von KPIs und eines organisatorischen Rahmens zur Steuerung der Umsetzung. <\/li>\n<\/ul>\n\n\n\n<p><\/p>\n<\/details>\n<\/div>\n\n\n\n<hr class=\"wp-block-separator has-alpha-channel-opacity\"\/>\n\n\n\n<hr class=\"wp-block-separator alignfull has-text-color has-accent-5-color has-alpha-channel-opacity has-accent-5-background-color has-background\"\/>\n\n\n\n<div class=\"wp-block-columns is-layout-flex wp-container-core-columns-is-layout-28f84493 wp-block-columns-is-layout-flex\">\n<div class=\"wp-block-column is-layout-flow wp-block-column-is-layout-flow\" style=\"flex-basis:33.33%\">\n<p class=\"has-accent-5-color has-text-color has-link-color wp-elements-6eb0c2566598999d90dbeff3ef7154bf\">Kostenlose Erstbesprechung buchen<\/p>\n<\/div>\n\n\n\n<div class=\"wp-block-column is-layout-flow wp-block-column-is-layout-flow\" style=\"flex-basis:66.66%\">\t\t\t<link rel=\"stylesheet\" property=\"stylesheet\" href=\"https:\/\/giroux.de\/wp-content\/plugins\/happyforms\/bundles\/css\/frontend.css\" \/>\n\t\t\t\t<!-- HappyForms CSS variables -->\n\t<style>\n\t#happyforms-449 {\n\t\t--happyforms-part-title-font-size: 16px;\n--happyforms-part-description-font-size: 12px;\n--happyforms-part-value-font-size: 16px;\n--happyforms-submit-button-font-size: 16px;\n--happyforms-color-primary: #000000;\n--happyforms-color-success-notice: #ebf9f0;\n--happyforms-color-success-notice-text: #1eb452;\n--happyforms-color-error: #f23000;\n--happyforms-color-error-notice: #ffeeea;\n--happyforms-color-error-notice-text: #f23000;\n--happyforms-color-part-title: #000000;\n--happyforms-color-part-value: #000000;\n--happyforms-color-part-placeholder: #888888;\n--happyforms-color-part-description: #454545;\n--happyforms-color-part-border: #dbdbdb;\n--happyforms-color-part-border-focus: #7aa4ff;\n--happyforms-color-part-background: #ffffff;\n--happyforms-color-part-background-focus: #ffffff;\n--happyforms-color-submit-background: #000000;\n--happyforms-color-submit-background-hover: #000000;\n--happyforms-color-submit-border: ;\n--happyforms-color-submit-text: #ffffff;\n--happyforms-color-submit-text-hover: #ffffff;\n--happyforms-color-table-row-odd: #fcfcfc;\n--happyforms-color-table-row-even: #efefef;\n--happyforms-color-table-row-odd-text: #000000;\n--happyforms-color-table-row-even-text: #000000;\n--happyforms-color-dropdown-item-bg: #ffffff;\n--happyforms-color-dropdown-item-text: #000000;\n--happyforms-color-dropdown-item-bg-hover: #f4f4f5;\n--happyforms-color-dropdown-item-text-hover: #000000;\n--happyforms-color-divider-hr: #cccccc;\n--happyforms-color-choice-checkmark-bg: #ffffff;\n--happyforms-color-choice-checkmark-bg-focus: #000000;\n--happyforms-color-choice-checkmark-color: #ffffff;\n\t}\n\t<\/style>\n\t<!-- End of HappyForms CSS variables -->\n\t\t<!-- HappyForms Additional CSS -->\n\t<style data-happyforms-additional-css>\n\t\t<\/style>\n\t<!-- End of HappyForms Additional CSS -->\n\t\t\t<link rel=\"stylesheet\" type=\"text\/css\" href=\"https:\/\/giroux.de\/wp-content\/plugins\/happyforms\/core\/assets\/css\/no-interaction.css\">\n\t\t<div class=\"happyforms-form happyforms-styles\" id=\"happyforms-449\">\n\t\t\n\t<form action=\"\" id=\"happyforms-form-449\" method=\"post\" novalidate=\"true\" autocomplete=\"off\" data-trp-original-action=\"\">\n\t\t\t\t<input type=\"hidden\" name=\"happyforms_random_seed\" value=\"3313804057\" \/>\n\t\t\n\t\t\t<input type=\"hidden\" name=\"action\" value=\"happyforms_message\">\n\t\t\t\t<input type=\"hidden\" name=\"client_referer\" value=\"\">\n\t\t\t\t<input type=\"hidden\" name=\"current_post_id\" value=\"\">\n\t\t\t\t<input type=\"hidden\" name=\"happyforms_form_id\" value=\"449\" \/>\n\t\t\t\t<input type=\"hidden\" name=\"happyforms_step\" value=\"0\" \/>\n\t\n\t\t<div class=\"happyforms-flex\">\n\t\t\t\t<label for=\"449-multi_line_text\" class=\"screen-reader-text\">Lass dieses Feld leer<\/label>\n\t<input type=\"text\" id=\"449-multi_line_text\" name=\"449-multi_line_text\" style=\"display: none;\" tabindex=\"-1\" autocomplete=\"off\" aria-hidden=\"true\">\n\t\t\t\t\t\t\t\t\t\t<div class=\"happyforms-form__part happyforms-part happyforms-part--single_line_text happyforms-part--width-full happyforms-part--label-show\" id=\"happyforms-449_single_line_text_1-part\" data-happyforms-type=\"single_line_text\" data-happyforms-id=\"single_line_text_1\" data-happyforms-required=\"\">\n\t<div class=\"happyforms-part-wrap\">\n\t\t\n\t\t\t\t\t\t<div class=\"happyforms-part__label-container\">\n\t\t\t\t<label for=\"happyforms-449_single_line_text_1\" class=\"happyforms-part__label\">\n\t\t\t<span class=\"label\">Name<\/span>\n\t\t\t\t\t\t\t\t\t\t<span class=\"happyforms-required\"><\/span>\n\t\t\t\t\t\t\t\t\t\t<span class=\"happyforms-optional\">(optional)<\/span>\n\t\t\t\t\t<\/label>\n\t\t\t<\/div>\n\t\t\t\n\t\t\n\t\t<div class=\"happyforms-part__el\">\n\t\t\t\n\t\t\t\n\t\t\t<div class=\"happyforms-input\">\n\t\t\t\t\n\t\t\t\t<input id=\"happyforms-449_single_line_text_1\" type=\"text\" name=\"449_single_line_text_1\" value=\"\" placeholder=\"\" autocomplete=\"off\" spellcheck=\"false\"  autocorrect=\"off\" \/>\n\t\t\t\t\t\t\t<\/div>\n\n\t\t\t\n\t\t\t\n\t\t\t\t\t<\/div>\n\t<\/div>\n<\/div>\n<div class=\"happyforms-part--with-autocomplete happyforms-form__part happyforms-part happyforms-part--email happyforms-part--width-full happyforms-part--label-show\" id=\"happyforms-449_email_2-part\" data-happyforms-type=\"email\" data-happyforms-id=\"email_2\" data-happyforms-required=\"\">\n\t\t<div class=\"happyforms-part-wrap\">\n\t\t\t\t\t\t<div class=\"happyforms-part__label-container\">\n\t\t\t\t<label for=\"happyforms-449_email_2\" class=\"happyforms-part__label\">\n\t\t\t<span class=\"label\">E-Mail<\/span>\n\t\t\t\t\t\t\t\t\t\t<span class=\"happyforms-required\"><\/span>\n\t\t\t\t\t\t\t\t\t\t<span class=\"happyforms-optional\">(optional)<\/span>\n\t\t\t\t\t<\/label>\n\t\t\t<\/div>\n\t\t\t\n\t\t\n\t\t<div class=\"happyforms-part__el\">\n\t\t\t\n\t\t\t\n\t\t\t<div class=\"happyforms-input\">\n\t\t\t\t<input type=\"email\" name=\"449_email_2\" id=\"happyforms-449_email_2\" value=\"\" placeholder=\"\" autocomplete=\"off\" spellcheck=\"false\"  autocorrect=\"off\" \/>\n\t\t\t\t\t\t\t<\/div>\n\n\t\t\t\n\t\t\t\n\t\t\t\t\t<\/div>\n\t<\/div>\n<\/div>\n<div class=\"happyforms-form__part happyforms-part happyforms-part--single_line_text happyforms-part--width-full happyforms-part--label-show\" id=\"happyforms-449_single_line_text_3-part\" data-happyforms-type=\"single_line_text\" data-happyforms-id=\"single_line_text_3\" data-happyforms-required=\"\">\n\t<div class=\"happyforms-part-wrap\">\n\t\t\n\t\t\t\t\t\t<div class=\"happyforms-part__label-container\">\n\t\t\t\t<label for=\"happyforms-449_single_line_text_3\" class=\"happyforms-part__label\">\n\t\t\t<span class=\"label\">Anfrage<\/span>\n\t\t\t\t\t\t\t\t\t\t<span class=\"happyforms-required\"><\/span>\n\t\t\t\t\t\t\t\t\t\t<span class=\"happyforms-optional\">(optional)<\/span>\n\t\t\t\t\t<\/label>\n\t\t\t<\/div>\n\t\t\t\n\t\t\n\t\t<div class=\"happyforms-part__el\">\n\t\t\t\n\t\t\t\n\t\t\t<div class=\"happyforms-input\">\n\t\t\t\t\n\t\t\t\t<input id=\"happyforms-449_single_line_text_3\" type=\"text\" name=\"449_single_line_text_3\" value=\"\" placeholder=\"\" autocomplete=\"off\" spellcheck=\"false\"  autocorrect=\"off\" \/>\n\t\t\t\t\t\t\t<\/div>\n\n\t\t\t\n\t\t\t\n\t\t\t\t\t<\/div>\n\t<\/div>\n<\/div>\n<div class=\"happyforms-part--choice display-type--block happyforms-form__part happyforms-part happyforms-part--radio happyforms-part--width-auto happyforms-part--label-show\" id=\"happyforms-449_radio_4-part\" data-happyforms-type=\"radio\" data-happyforms-id=\"radio_4\" data-happyforms-required=\"\">\n\t<div class=\"happyforms-part-wrap\">\n\t\t\t<div class=\"happyforms-part__label-container\">\n\t\t\t\t<label for=\"happyforms-449_radio_4\" class=\"happyforms-part__label\">\n\t\t\t<span class=\"label\">Haftungsausschluss<\/span>\n\t\t\t\t\t\t\t\t\t\t<span class=\"happyforms-required\"><\/span>\n\t\t\t\t\t\t\t\t\t\t<span class=\"happyforms-optional\">(optional)<\/span>\n\t\t\t\t\t<\/label>\n\t\t\t<\/div>\n\t\n\t\t\n\t\t\n\t\t<div class=\"happyforms-part__el\">\n\t\t\t\t\t\t\t\t\t\t<div class=\"happyforms-part__option happyforms-part-option\" id=\"radio_4_option_1774897491488\">\n\t\t\t\t<label class=\"option-label\">\n\t\t\t\t\t<input type=\"radio\" class=\"happyforms-visuallyhidden\" name=\"449_radio_4\" value=\"0\"  autocomplete=\"off\" spellcheck=\"false\" >\n\t\t\t\t\t<span class=\"checkmark\"><span class=\"happyforms-radio-circle\"><\/span><\/span>\n\t\t\t\t\t<span class=\"label-wrap\">\n\t\t\t\t\t\t<span class=\"label\">Ich stimme der Verarbeitung meiner personenbezogenen Daten zum Zwecke der Beantwortung meiner Anfrage zu. Ich habe die Datenschutzerkl\u00e4rung gelesen und akzeptiere diese und bin mir bewusst, dass ich meine Zustimmung jederzeit widerrufen kann.<\/span>\t\t\t\t\t<\/span>\n\t\t\t\t<\/label>\n\t\t\t\t\t\t\t<\/div>\n\t\t\t\n\t\t\t\n\t\t\t\t\t<\/div>\n\t<\/div>\n<\/div>\n\t\t\t\t\t\t<div class=\"happyforms-form__part happyforms-part happyforms-part--submit\">\n\t\t<button type=\"submit\" class=\"happyforms-submit happyforms-button--submit\">Senden<\/button>\n\t<\/div>\t\t<\/div>\n\n\t\t\t<input type=\"hidden\" name=\"trp-form-language\" value=\"de\"\/><\/form>\n\n\t<\/div>\n<\/div>\n<\/div>\n\n\n\n<hr class=\"wp-block-separator alignfull has-text-color has-accent-2-color has-alpha-channel-opacity has-accent-2-background-color has-background\"\/>\n\n\n\n<div class=\"wp-block-columns is-layout-flex wp-container-core-columns-is-layout-28f84493 wp-block-columns-is-layout-flex\">\n<div class=\"wp-block-column is-layout-flow wp-block-column-is-layout-flow\">\n<figure class=\"wp-block-image size-full\"><img loading=\"lazy\" decoding=\"async\" width=\"50\" height=\"50\" src=\"https:\/\/giroux.de\/wp-content\/uploads\/2026\/03\/cropped-logo-e1774366698810.png\" alt=\"\" class=\"wp-image-106\"\/><\/figure>\n<\/div>\n\n\n\n<div class=\"wp-block-column is-layout-flow wp-block-column-is-layout-flow\">\n<p class=\"has-text-align-center has-accent-5-color has-text-color has-link-color has-medium-font-size wp-elements-849dab642386dc284a24fd4ce51dce1a\">Frank Giroux<\/p>\n<\/div>\n\n\n\n<div class=\"wp-block-column is-layout-flow wp-block-column-is-layout-flow\">\n<p class=\"has-text-align-right has-accent-5-color has-text-color has-link-color has-small-font-size wp-elements-8973cc206adb16834761f1c3c38540b0\">Kontakt: Frank.giroux.ai@pm.me<\/p>\n<\/div>\n<\/div>\n\n\n<nav class=\"has-text-color has-accent-5-color has-small-font-size items-justified-center wp-block-navigation is-content-justification-center is-layout-flex wp-container-core-navigation-is-layout-a89b3969 wp-block-navigation-is-layout-flex\" aria-label=\"Men\u00fc 2\"><ul class=\"wp-block-navigation__container has-text-color has-accent-5-color has-small-font-size items-justified-center wp-block-navigation has-small-font-size\"><li class=\"has-small-font-size wp-block-navigation-item wp-block-navigation-link\"><a class=\"wp-block-navigation-item__content\"  href=\"https:\/\/giroux.de\/de\/\"><span class=\"wp-block-navigation-item__label\">Home<\/span><\/a><\/li><li class=\"has-small-font-size wp-block-navigation-item wp-block-navigation-link\"><a class=\"wp-block-navigation-item__content\"  href=\"https:\/\/giroux.de\/de\/legalnotice\/\"><span class=\"wp-block-navigation-item__label\">Impressum<\/span><\/a><\/li><li class=\"has-small-font-size wp-block-navigation-item wp-block-navigation-link\"><a class=\"wp-block-navigation-item__content\"  href=\"https:\/\/giroux.de\/de\/datenschutzerklaerung\/\"><span class=\"wp-block-navigation-item__label\">Datenschutzrichtlinie<\/span><\/a><\/li><\/ul><\/nav>\n\n\n<p class=\"is-style-default\"><\/p>","protected":false},"excerpt":{"rendered":"<p>Digital transformation for SCM &#8220;We are managing our assembly line in &#8216;systeme d\u00e9brouille toi&#8217;*&#8221; *stands for: Figuring things out on the fly &#8211; Assembly employee in global manufacturing company Supply chain management spans from data heavy end to end planning over complex scheduling to physical dependent warehousing and transportation. Therefore, there are few advances in [&hellip;]<\/p>\n","protected":false},"author":1,"featured_media":0,"parent":0,"menu_order":0,"comment_status":"closed","ping_status":"closed","template":"","meta":{"footnotes":""},"class_list":["post-701","page","type-page","status-publish","hentry"],"_links":{"self":[{"href":"https:\/\/giroux.de\/de\/wp-json\/wp\/v2\/pages\/701","targetHints":{"allow":["GET"]}}],"collection":[{"href":"https:\/\/giroux.de\/de\/wp-json\/wp\/v2\/pages"}],"about":[{"href":"https:\/\/giroux.de\/de\/wp-json\/wp\/v2\/types\/page"}],"author":[{"embeddable":true,"href":"https:\/\/giroux.de\/de\/wp-json\/wp\/v2\/users\/1"}],"replies":[{"embeddable":true,"href":"https:\/\/giroux.de\/de\/wp-json\/wp\/v2\/comments?post=701"}],"version-history":[{"count":24,"href":"https:\/\/giroux.de\/de\/wp-json\/wp\/v2\/pages\/701\/revisions"}],"predecessor-version":[{"id":792,"href":"https:\/\/giroux.de\/de\/wp-json\/wp\/v2\/pages\/701\/revisions\/792"}],"wp:attachment":[{"href":"https:\/\/giroux.de\/de\/wp-json\/wp\/v2\/media?parent=701"}],"curies":[{"name":"wp","href":"https:\/\/api.w.org\/{rel}","templated":true}]}}