{"id":81,"date":"2026-03-16T19:48:40","date_gmt":"2026-03-16T19:48:40","guid":{"rendered":"https:\/\/giroux.de\/?page_id=81"},"modified":"2026-04-27T10:40:42","modified_gmt":"2026-04-27T10:40:42","slug":"welcome","status":"publish","type":"page","link":"https:\/\/giroux.de\/de\/","title":{"rendered":"main page"},"content":{"rendered":"<div class=\"wp-block-columns alignwide is-layout-flex wp-container-core-columns-is-layout-28f84493 wp-block-columns-is-layout-flex\">\n<div class=\"wp-block-column is-layout-flow wp-block-column-is-layout-flow\" style=\"flex-basis:33.33%\">\n<figure class=\"wp-block-image alignright size-full is-resized\"><img loading=\"lazy\" decoding=\"async\" width=\"835\" height=\"2297\" src=\"https:\/\/giroux.de\/wp-content\/uploads\/2026\/04\/ich-form-1.png\" alt=\"\" class=\"wp-image-541\" style=\"aspect-ratio:0.377786155603901;width:175px;height:auto\" srcset=\"https:\/\/giroux.de\/wp-content\/uploads\/2026\/04\/ich-form-1.png 835w, https:\/\/giroux.de\/wp-content\/uploads\/2026\/04\/ich-form-1-109x300.png 109w, https:\/\/giroux.de\/wp-content\/uploads\/2026\/04\/ich-form-1-372x1024.png 372w, https:\/\/giroux.de\/wp-content\/uploads\/2026\/04\/ich-form-1-768x2113.png 768w, https:\/\/giroux.de\/wp-content\/uploads\/2026\/04\/ich-form-1-558x1536.png 558w, https:\/\/giroux.de\/wp-content\/uploads\/2026\/04\/ich-form-1-744x2048.png 744w\" sizes=\"auto, (max-width: 835px) 100vw, 835px\" \/><\/figure>\n<\/div>\n\n\n\n<div class=\"wp-block-column is-layout-flow wp-block-column-is-layout-flow\" style=\"flex-basis:80%\">\n<p><\/p>\n\n\n\n<div style=\"height:42px\" aria-hidden=\"true\" class=\"wp-block-spacer\"><\/div>\n\n\n\n<p><strong>Ihre Suppy Chain hat die Daten <\/strong><\/p>\n\n\n\n<p><strong>Die Frage ist, ob Ihre Mitarbeiter sie f\u00fcr Entscheidungen nutzen k\u00f6nnen.<\/strong><\/p>\n\n\n\n<div style=\"height:23px\" aria-hidden=\"true\" class=\"wp-block-spacer\"><\/div>\n\n\n\n<hr class=\"wp-block-separator has-alpha-channel-opacity\"\/>\n\n\n\n<p><em>Seit \u00fcber 25 Jahren helfe ich Industrieunternehmen dabei, fragmentierte Informationen in schnellere Entscheidungen, geringeres Risiko und messbaren KI-Wert umzuwandeln. Als Keynote-Speaker, Strategieberater und Trainer arbeite ich an der Schnittstelle, wo Technologie auf reale Lieferkettenoperationen trifft \u2013 in deutscher, franz\u00f6sischer und englischer Sprache.<\/em><\/p>\n\n\n\n<hr class=\"wp-block-separator has-alpha-channel-opacity\"\/>\n\n\n\n<div class=\"wp-block-columns has-accent-5-color has-text-color has-link-color wp-elements-8fe1a022e7834d921dce2eabb818c2e9 is-layout-flex wp-container-core-columns-is-layout-28f84493 wp-block-columns-is-layout-flex\">\n<div class=\"wp-block-column is-layout-flow wp-block-column-is-layout-flow\" style=\"flex-basis:5%\">\n<ul class=\"wp-block-social-links is-layout-flex wp-block-social-links-is-layout-flex\"><li class=\"wp-social-link wp-social-link-mail  wp-block-social-link\"><a href=\"mailto:%20frank.giroux.ai@pm.me\" class=\"wp-block-social-link-anchor\"><svg width=\"24\" height=\"24\" viewbox=\"0 0 24 24\" version=\"1.1\" xmlns=\"http:\/\/www.w3.org\/2000\/svg\" aria-hidden=\"true\" focusable=\"false\"><path d=\"M19,5H5c-1.1,0-2,.9-2,2v10c0,1.1.9,2,2,2h14c1.1,0,2-.9,2-2V7c0-1.1-.9-2-2-2zm.5,12c0,.3-.2.5-.5.5H5c-.3,0-.5-.2-.5-.5V9.8l7.5,5.6,7.5-5.6V17zm0-9.1L12,13.6,4.5,7.9V7c0-.3.2-.5.5-.5h14c.3,0,.5.2.5.5v.9z\"><\/path><\/svg><span class=\"wp-block-social-link-label screen-reader-text\">E-Mail<\/span><\/a><\/li><\/ul>\n<\/div>\n\n\n\n<div class=\"wp-block-column is-layout-flow wp-block-column-is-layout-flow\" style=\"flex-basis:66.66%\">\n<p class=\"has-accent-5-color has-text-color has-link-color wp-elements-1cbdc0de6b6f95fd8bdff5ca80a1138c\">Kontaktieren Sie mich<\/p>\n<\/div>\n<\/div>\n<\/div>\n<\/div>\n\n\n\n<hr class=\"wp-block-separator alignwide has-text-color has-accent-6-color has-alpha-channel-opacity has-accent-6-background-color has-background\"\/>\n\n\n\n<p>\ud83c\udfa4 50+ Vortr\u00e4ge &amp; Keynotes \u00b7 \ud83c\udf0d 10 L\u00e4nder \u00b7 \ud83d\udde3\ufe0f 3 Sprachen<\/p>\n\n\n\n<hr class=\"wp-block-separator alignfull has-text-color has-accent-5-color has-alpha-channel-opacity has-accent-5-background-color has-background\"\/>\n\n\n\n<div class=\"wp-block-columns alignwide is-layout-flex wp-container-core-columns-is-layout-28f84493 wp-block-columns-is-layout-flex\">\n<div class=\"wp-block-column is-layout-flow wp-block-column-is-layout-flow\">\n<p class=\"is-style-default has-accent-5-color has-text-color has-link-color has-large-font-size wp-elements-f7eb50fdeace82ecbf9346f61b49f233\">Mit einem franz\u00f6sisch-deutschen Hintergrund und Erfahrungen in den USA, Vietnam, China und Europa bringe ich eine praxiserprobte Perspektive mit. Ich baue die Br\u00fccke zwischen den Versprechungen von KI und dem, was sie wirklich f\u00fcr Ihr Unternehmen tun kann.<\/p>\n<\/div>\n\n\n\n<div class=\"wp-block-column is-vertically-aligned-center is-layout-flow wp-block-column-is-layout-flow\">\n<p class=\"has-accent-5-color has-text-color has-link-color has-large-font-size wp-elements-fab94c6eda46952bded6f0f7533b222c\"><a href=\"https:\/\/giroux.de\/de\/about-me\/\" data-type=\"page\" data-id=\"279\"><em>Erfahren Sie mehr \u00fcber mich<\/em><\/a><\/p>\n<\/div>\n<\/div>\n\n\n\n<hr class=\"wp-block-separator alignwide has-text-color has-accent-6-color has-alpha-channel-opacity has-accent-6-background-color has-background\"\/>\n\n\n\n<div class=\"wp-block-columns is-layout-flex wp-container-core-columns-is-layout-28f84493 wp-block-columns-is-layout-flex\">\n<div class=\"wp-block-column is-layout-flow wp-block-column-is-layout-flow\">\n<p class=\"has-large-font-size\">Bewertet mit 4,83*\/ 5* <\/p>\n\n\n\n<p class=\"has-medium-font-size\">Global Supply Chain and Logistics Summit <\/p>\n\n\n\n<p class=\"has-medium-font-size\">\u2013 April 2026<\/p>\n<\/div>\n\n\n\n<div class=\"wp-block-column is-layout-flow wp-block-column-is-layout-flow\">\n<p class=\"has-medium-font-size\"><em>\u201eIch fand Ihre Sitzung wirklich fesselnd. F\u00fcr das Publikum macht es einen riesigen Unterschied, einen Redner wie Sie zu haben, der auf der B\u00fchne nat\u00fcrlich, selbstbewusst und einnehmend ist. Ich w\u00fcrde mich freuen, wieder mit Ihnen zusammenzuarbeiten!\u201c<\/em><\/p>\n<\/div>\n<\/div>\n\n\n\n<div class=\"wp-block-columns is-layout-flex wp-container-core-columns-is-layout-28f84493 wp-block-columns-is-layout-flex\">\n<div class=\"wp-block-column is-layout-flow wp-block-column-is-layout-flow\"><\/div>\n\n\n\n<div class=\"wp-block-column is-layout-flow wp-block-column-is-layout-flow\">\n<p class=\"has-small-font-size\"><em>Maya Hudson \u2013 Arena international<\/em> <\/p>\n\n\n\n<p class=\"has-medium-font-size\">\u2013 Februar 2026<\/p>\n<\/div>\n<\/div>\n\n\n\n<hr class=\"wp-block-separator alignfull has-text-color has-accent-5-color has-alpha-channel-opacity has-accent-5-background-color has-background\"\/>\n\n\n\n<div class=\"wp-block-group alignfull has-global-padding is-layout-constrained wp-container-core-group-is-layout-ebee8dc1 wp-block-group-is-layout-constrained\" style=\"margin-top:0;margin-bottom:0;padding-top:var(--wp--preset--spacing--50);padding-bottom:var(--wp--preset--spacing--50)\">\n<div class=\"wp-block-columns alignwide is-layout-flex wp-container-core-columns-is-layout-28f84493 wp-block-columns-is-layout-flex\">\n<div class=\"wp-block-column is-layout-flow wp-block-column-is-layout-flow\">\n<figure class=\"wp-block-image size-large\"><a href=\"https:\/\/giroux.de\/de\/keynote-speaker\/\"><img loading=\"lazy\" decoding=\"async\" width=\"1024\" height=\"1011\" src=\"https:\/\/giroux.de\/wp-content\/uploads\/2026\/04\/ich-form-2-1024x1011.png\" alt=\"\" class=\"wp-image-550\" srcset=\"https:\/\/giroux.de\/wp-content\/uploads\/2026\/04\/ich-form-2-1024x1011.png 1024w, https:\/\/giroux.de\/wp-content\/uploads\/2026\/04\/ich-form-2-300x296.png 300w, https:\/\/giroux.de\/wp-content\/uploads\/2026\/04\/ich-form-2-768x758.png 768w, https:\/\/giroux.de\/wp-content\/uploads\/2026\/04\/ich-form-2.png 1125w\" sizes=\"auto, (max-width: 1024px) 100vw, 1024px\" \/><\/a><\/figure>\n\n\n\n<h3 class=\"wp-block-heading has-accent-5-color has-text-color has-link-color wp-elements-22e6dba481622705065b18ac9b16d641\"><a href=\"https:\/\/giroux.de\/de\/keynote-speaker\/\" data-type=\"page\" data-id=\"31\"><strong>Speaker <\/strong><\/a><\/h3>\n\n\n\n<p class=\"has-accent-5-color has-text-color has-link-color has-medium-font-size wp-elements-ca2f03989bddd5cab7273c481d924c03\">Keynote-Redner zu digitaler Strategie und zur Anwendung von KI im Supply Chain Management<\/p>\n<\/div>\n\n\n\n<div class=\"wp-block-column is-layout-flow wp-block-column-is-layout-flow\">\n<figure class=\"wp-block-image size-large\"><a href=\"https:\/\/giroux.de\/de\/coach-advisor\/\"><img loading=\"lazy\" decoding=\"async\" width=\"1024\" height=\"1011\" src=\"https:\/\/giroux.de\/wp-content\/uploads\/2026\/04\/ich-form-5-1024x1011.png\" alt=\"\" class=\"wp-image-551\" srcset=\"https:\/\/giroux.de\/wp-content\/uploads\/2026\/04\/ich-form-5-1024x1011.png 1024w, https:\/\/giroux.de\/wp-content\/uploads\/2026\/04\/ich-form-5-300x296.png 300w, https:\/\/giroux.de\/wp-content\/uploads\/2026\/04\/ich-form-5-768x758.png 768w, https:\/\/giroux.de\/wp-content\/uploads\/2026\/04\/ich-form-5.png 1125w\" sizes=\"auto, (max-width: 1024px) 100vw, 1024px\" \/><\/a><\/figure>\n\n\n\n<h3 class=\"wp-block-heading has-text-align-center has-accent-5-color has-text-color has-link-color wp-elements-a5ff2655c22af5238ff2b30cf92f0e7d\"><a href=\"https:\/\/giroux.de\/de\/coach-advisor\/\" data-type=\"page\" data-id=\"33\"><strong>Strategische Nutzung von Unternehmensinformationen durch KI<\/strong><\/a><\/h3>\n\n\n\n<p class=\"has-accent-5-color has-text-color has-link-color has-medium-font-size wp-elements-e6af3c8242e3eb5b15b37b91673ba4ad\">Organisation und Zugriff auf ihre Unternehmensinformationen als Basis f\u00fcr wichtige Entscheidungen<\/p>\n<\/div>\n\n\n\n<div class=\"wp-block-column is-layout-flow wp-block-column-is-layout-flow\">\n<figure class=\"wp-block-image size-large\"><a href=\"https:\/\/giroux.de\/de\/701-2\/\"><img loading=\"lazy\" decoding=\"async\" width=\"1024\" height=\"1011\" src=\"https:\/\/giroux.de\/wp-content\/uploads\/2026\/04\/ich-form-3-1024x1011.png\" alt=\"\" class=\"wp-image-553\" srcset=\"https:\/\/giroux.de\/wp-content\/uploads\/2026\/04\/ich-form-3-1024x1011.png 1024w, https:\/\/giroux.de\/wp-content\/uploads\/2026\/04\/ich-form-3-300x296.png 300w, https:\/\/giroux.de\/wp-content\/uploads\/2026\/04\/ich-form-3-768x758.png 768w, https:\/\/giroux.de\/wp-content\/uploads\/2026\/04\/ich-form-3.png 1125w\" sizes=\"auto, (max-width: 1024px) 100vw, 1024px\" \/><\/a><\/figure>\n\n\n\n<h3 class=\"wp-block-heading has-text-align-center has-accent-5-color has-text-color has-link-color wp-elements-019c4606d0b59dacafde8654aa6813d1\"><strong><a href=\"https:\/\/giroux.de\/de\/701-2\/\" data-type=\"page\" data-id=\"701\">Digitalisierung und Automatisierung Ihrer Lieferkette<\/a><\/strong><\/h3>\n\n\n\n<p class=\"has-accent-5-color has-text-color has-link-color has-medium-font-size wp-elements-7a0aa5c71bb6fb7167c591e712473871\">30 Jahre Erfahrung in Logistikprojekten f\u00fcr Ihre Ideen<\/p>\n<\/div>\n<\/div>\n\n\n\n<hr class=\"wp-block-separator alignfull has-text-color has-accent-5-color has-alpha-channel-opacity has-accent-5-background-color has-background\"\/>\n\n\n\n<div class=\"wp-block-columns is-layout-flex wp-container-core-columns-is-layout-28f84493 wp-block-columns-is-layout-flex\">\n<div class=\"wp-block-column is-layout-flow wp-block-column-is-layout-flow\" style=\"flex-basis:50%\">\n<p class=\"has-accent-5-color has-text-color has-link-color wp-elements-99fed54340d3ff09ea9f19492b7814cf\">Podcasts<\/p>\n\n\n\n<div class=\"wp-block-columns is-layout-flex wp-container-core-columns-is-layout-28f84493 wp-block-columns-is-layout-flex\">\n<div class=\"wp-block-column is-layout-flow wp-block-column-is-layout-flow\" style=\"flex-basis:33.33%\"><\/div>\n\n\n\n<div class=\"wp-block-column is-layout-flow wp-block-column-is-layout-flow\" style=\"flex-basis:66.66%\"><\/div>\n<\/div>\n<\/div>\n\n\n\n<div class=\"wp-block-column is-layout-flow wp-block-column-is-layout-flow\" style=\"flex-basis:50%\">\n<p><a href=\"https:\/\/www.atreus.de\/publikation\/podcasts\/future-at-its-best-episode-10\/\">Future at its best\u2013 Atreus<\/a><\/p>\n\n\n\n<p><a href=\"https:\/\/www.linkedin.com\/posts\/botsandpeople_generativeai-digitaltransformation-supplychaininnovation-activity-7234239242380480512-7yOK?utm_source=share&amp;utm_medium=member_desktop&amp;rcm=ACoAABrDZ5kB9SDT-w6kLJf9vEBwNOoYYznSGzA\">Bots and People<\/a><\/p>\n<\/div>\n<\/div>\n\n\n\n<hr class=\"wp-block-separator alignwide has-text-color has-accent-6-color has-alpha-channel-opacity has-accent-6-background-color has-background\"\/>\n\n\n\n<div class=\"wp-block-columns is-layout-flex wp-container-core-columns-is-layout-28f84493 wp-block-columns-is-layout-flex\">\n<div class=\"wp-block-column is-layout-flow wp-block-column-is-layout-flow\">\n<p>Folge mir auf LinkedIn: <\/p>\n<\/div>\n\n\n\n<div class=\"wp-block-column is-layout-flow wp-block-column-is-layout-flow\">\n<ul class=\"wp-block-social-links is-layout-flex wp-block-social-links-is-layout-flex\"><li class=\"wp-social-link wp-social-link-linkedin  wp-block-social-link\"><a href=\"https:\/\/www.linkedin.com\/in\/frank-giroux-a49459106\" class=\"wp-block-social-link-anchor\"><svg width=\"24\" height=\"24\" viewbox=\"0 0 24 24\" version=\"1.1\" xmlns=\"http:\/\/www.w3.org\/2000\/svg\" aria-hidden=\"true\" focusable=\"false\"><path d=\"M19.7,3H4.3C3.582,3,3,3.582,3,4.3v15.4C3,20.418,3.582,21,4.3,21h15.4c0.718,0,1.3-0.582,1.3-1.3V4.3 C21,3.582,20.418,3,19.7,3z M8.339,18.338H5.667v-8.59h2.672V18.338z M7.004,8.574c-0.857,0-1.549-0.694-1.549-1.548 c0-0.855,0.691-1.548,1.549-1.548c0.854,0,1.547,0.694,1.547,1.548C8.551,7.881,7.858,8.574,7.004,8.574z M18.339,18.338h-2.669 v-4.177c0-0.996-0.017-2.278-1.387-2.278c-1.389,0-1.601,1.086-1.601,2.206v4.249h-2.667v-8.59h2.559v1.174h0.037 c0.356-0.675,1.227-1.387,2.526-1.387c2.703,0,3.203,1.779,3.203,4.092V18.338z\"><\/path><\/svg><span class=\"wp-block-social-link-label screen-reader-text\">LinkedIn<\/span><\/a><\/li><\/ul>\n<\/div>\n<\/div>\n\n\n\n<hr class=\"wp-block-separator alignwide has-text-color has-accent-6-color has-alpha-channel-opacity has-accent-6-background-color has-background\"\/>\n\n\n\n<div class=\"wp-block-columns is-layout-flex wp-container-core-columns-is-layout-28f84493 wp-block-columns-is-layout-flex\">\n<div class=\"wp-block-column is-layout-flow wp-block-column-is-layout-flow\">\n<p>Schau mir auf YouTube zu<\/p>\n<\/div>\n\n\n\n<div class=\"wp-block-column is-layout-flow wp-block-column-is-layout-flow\">\n<ul class=\"wp-block-social-links is-layout-flex wp-block-social-links-is-layout-flex\"><li class=\"wp-social-link wp-social-link-youtube  wp-block-social-link\"><a href=\"https:\/\/www.youtube.com\/@AIinSCM\/playlists\" class=\"wp-block-social-link-anchor\"><svg width=\"24\" height=\"24\" viewbox=\"0 0 24 24\" version=\"1.1\" xmlns=\"http:\/\/www.w3.org\/2000\/svg\" aria-hidden=\"true\" focusable=\"false\"><path d=\"M21.8,8.001c0,0-0.195-1.378-0.795-1.985c-0.76-0.797-1.613-0.801-2.004-0.847c-2.799-0.202-6.997-0.202-6.997-0.202 h-0.009c0,0-4.198,0-6.997,0.202C4.608,5.216,3.756,5.22,2.995,6.016C2.395,6.623,2.2,8.001,2.2,8.001S2,9.62,2,11.238v1.517 c0,1.618,0.2,3.237,0.2,3.237s0.195,1.378,0.795,1.985c0.761,0.797,1.76,0.771,2.205,0.855c1.6,0.153,6.8,0.201,6.8,0.201 s4.203-0.006,7.001-0.209c0.391-0.047,1.243-0.051,2.004-0.847c0.6-0.607,0.795-1.985,0.795-1.985s0.2-1.618,0.2-3.237v-1.517 C22,9.62,21.8,8.001,21.8,8.001z M9.935,14.594l-0.001-5.62l5.404,2.82L9.935,14.594z\"><\/path><\/svg><span class=\"wp-block-social-link-label screen-reader-text\">YouTube<\/span><\/a><\/li><\/ul>\n<\/div>\n<\/div>\n\n\n\n<hr class=\"wp-block-separator alignfull has-text-color has-accent-2-color has-alpha-channel-opacity has-accent-2-background-color has-background\"\/>\n\n\n\n<div class=\"wp-block-columns is-layout-flex wp-container-core-columns-is-layout-28f84493 wp-block-columns-is-layout-flex\">\n<div class=\"wp-block-column is-layout-flow wp-block-column-is-layout-flow\">\n<figure class=\"wp-block-image size-full\"><img loading=\"lazy\" decoding=\"async\" width=\"50\" height=\"50\" src=\"https:\/\/giroux.de\/wp-content\/uploads\/2026\/03\/cropped-logo-e1774366698810.png\" alt=\"\" class=\"wp-image-106\"\/><\/figure>\n<\/div>\n\n\n\n<div class=\"wp-block-column is-layout-flow wp-block-column-is-layout-flow\">\n<p class=\"has-text-align-center has-accent-5-color has-text-color has-link-color has-medium-font-size wp-elements-849dab642386dc284a24fd4ce51dce1a\">Frank Giroux<\/p>\n<\/div>\n\n\n\n<div class=\"wp-block-column is-layout-flow wp-block-column-is-layout-flow\">\n<p class=\"has-text-align-right has-accent-5-color has-text-color has-link-color has-small-font-size wp-elements-8973cc206adb16834761f1c3c38540b0\">Kontakt: Frank.giroux.ai@pm.me<\/p>\n<\/div>\n<\/div>\n\n\n<nav class=\"has-text-color has-accent-5-color has-small-font-size items-justified-center wp-block-navigation is-content-justification-center is-layout-flex wp-container-core-navigation-is-layout-a89b3969 wp-block-navigation-is-layout-flex\" aria-label=\"Men\u00fc 2\"><ul class=\"wp-block-navigation__container has-text-color has-accent-5-color has-small-font-size items-justified-center wp-block-navigation has-small-font-size\"><li class=\"has-small-font-size wp-block-navigation-item wp-block-navigation-link\"><a class=\"wp-block-navigation-item__content\"  href=\"https:\/\/giroux.de\/de\/\"><span class=\"wp-block-navigation-item__label\">Home<\/span><\/a><\/li><li class=\"has-small-font-size wp-block-navigation-item wp-block-navigation-link\"><a class=\"wp-block-navigation-item__content\"  href=\"https:\/\/giroux.de\/de\/legalnotice\/\"><span class=\"wp-block-navigation-item__label\">Impressum<\/span><\/a><\/li><li class=\"has-small-font-size wp-block-navigation-item wp-block-navigation-link\"><a class=\"wp-block-navigation-item__content\"  href=\"https:\/\/giroux.de\/de\/datenschutzerklaerung\/\"><span class=\"wp-block-navigation-item__label\">Datenschutzrichtlinie<\/span><\/a><\/li><\/ul><\/nav><\/div>","protected":false},"excerpt":{"rendered":"<p>Your supply chain has the data. The question is whether your people can act on it. For over 25 years I have helped industrial organizations turn fragmented information into faster decisions, lower risk, and measurable AI value. As a keynote speaker, strategy consultant, and published researcher, I work at the intersection where technology meets real [&hellip;]<\/p>\n","protected":false},"author":1,"featured_media":0,"parent":0,"menu_order":0,"comment_status":"closed","ping_status":"closed","template":"page-no-title","meta":{"footnotes":""},"class_list":["post-81","page","type-page","status-publish","hentry"],"_links":{"self":[{"href":"https:\/\/giroux.de\/de\/wp-json\/wp\/v2\/pages\/81","targetHints":{"allow":["GET"]}}],"collection":[{"href":"https:\/\/giroux.de\/de\/wp-json\/wp\/v2\/pages"}],"about":[{"href":"https:\/\/giroux.de\/de\/wp-json\/wp\/v2\/types\/page"}],"author":[{"embeddable":true,"href":"https:\/\/giroux.de\/de\/wp-json\/wp\/v2\/users\/1"}],"replies":[{"embeddable":true,"href":"https:\/\/giroux.de\/de\/wp-json\/wp\/v2\/comments?post=81"}],"version-history":[{"count":157,"href":"https:\/\/giroux.de\/de\/wp-json\/wp\/v2\/pages\/81\/revisions"}],"predecessor-version":[{"id":813,"href":"https:\/\/giroux.de\/de\/wp-json\/wp\/v2\/pages\/81\/revisions\/813"}],"wp:attachment":[{"href":"https:\/\/giroux.de\/de\/wp-json\/wp\/v2\/media?parent=81"}],"curies":[{"name":"wp","href":"https:\/\/api.w.org\/{rel}","templated":true}]}}