{"id":99,"date":"2026-03-16T20:17:40","date_gmt":"2026-03-16T20:17:40","guid":{"rendered":"https:\/\/giroux.de\/?page_id=99"},"modified":"2026-04-27T09:42:15","modified_gmt":"2026-04-27T09:42:15","slug":"legalnotice","status":"publish","type":"page","link":"https:\/\/giroux.de\/de\/legalnotice\/","title":{"rendered":"disclaimer"},"content":{"rendered":"<div class=\"wp-block-group alignfull is-style-section-5 has-global-padding is-layout-constrained wp-container-core-group-is-layout-d89aad35 wp-block-group-is-layout-constrained has-background is-style-section-5--1\" style=\"min-height:100vh;margin-top:0;margin-bottom:0;padding-top:var(--wp--preset--spacing--50);padding-right:var(--wp--preset--spacing--50);padding-bottom:var(--wp--preset--spacing--50);padding-left:var(--wp--preset--spacing--50);background-image:url(&apos;https:\/\/giroux.de\/wp-content\/uploads\/2025\/10\/background-scaled.png&apos;);background-size:cover;\">\n<div class=\"wp-block-columns alignfull is-layout-flex wp-container-core-columns-is-layout-47c06fe3 wp-block-columns-is-layout-flex\">\n<div class=\"wp-block-column is-layout-flow wp-block-column-is-layout-flow\">\n<div class=\"wp-block-cover\" style=\"min-height:767px;aspect-ratio:unset;\"><img loading=\"lazy\" decoding=\"async\" width=\"392\" height=\"587\" class=\"wp-block-cover__image-background wp-image-11 size-full\" alt=\"\" src=\"https:\/\/giroux.de\/wp-content\/uploads\/2025\/10\/cat-points.png\" data-object-fit=\"cover\" srcset=\"https:\/\/giroux.de\/wp-content\/uploads\/2025\/10\/cat-points.png 392w, https:\/\/giroux.de\/wp-content\/uploads\/2025\/10\/cat-points-200x300.png 200w\" sizes=\"auto, (max-width: 392px) 100vw, 392px\" \/><span aria-hidden=\"true\" class=\"wp-block-cover__background has-background-dim-0 has-background-dim\" style=\"background-color:#4c4944\"><\/span><div class=\"wp-block-cover__inner-container is-layout-flow wp-block-cover-is-layout-flow\">\n<div style=\"height:var(--wp--preset--spacing--20)\" aria-hidden=\"true\" class=\"wp-block-spacer\"><\/div>\n<\/div><\/div>\n<\/div>\n\n\n\n<div class=\"wp-block-column is-layout-flow wp-block-column-is-layout-flow\">\n<div class=\"wp-block-group is-vertical is-content-justification-stretch is-nowrap is-layout-flex wp-container-core-group-is-layout-9a2e2d63 wp-block-group-is-layout-flex\" style=\"min-height:100%\">\n<p class=\"has-text-align-left has-accent-5-color has-text-color has-link-color has-medium-font-size wp-elements-3bc6b739e95b43ed944f32e3910d2ed5\" style=\"line-height:1.2\"><strong>Angaben gem\u00e4\u00df \u00a7 5 TMG<\/strong><\/p>\n\n\n\n<p class=\"has-medium-font-size\">Frank Giroux<br>Maulbeerallee 60<br>13593 Berlin<\/p>\n\n\n\n<p class=\"has-medium-font-size\"><strong>Contact<\/strong><\/p>\n\n\n\n<p class=\"has-medium-font-size\"><a>frank.giroux.ai@pm.me<\/a><\/p>\n\n\n\n<p class=\"has-medium-font-size\"><strong>VAT<\/strong><\/p>\n\n\n\n<p class=\"has-medium-font-size\">VAT ID: DE454119875<\/p>\n\n\n\n<p class=\"has-medium-font-size\"><strong>Berufsbezeichnung und berufsrechtliche Regelungen<\/strong><\/p>\n\n\n\n<p class=\"has-medium-font-size translation-block\">Berufsbezeichnung: Freiberuflicher Berater \/ Keynote Speaker\nZust\u00e4ndige Aufsichtsbeh\u00f6rde: keine (freiberufliche T\u00e4tigkeit ohne Pflichtmitgliedschaft in einer Kammer)<\/p>\n\n\n\n<p class=\"has-medium-font-size\"><strong>Inhaltlich verantwortlich<\/strong><\/p>\n\n\n\n<p class=\"has-medium-font-size\">Frank Giroux<br>Adresse siehe oben<\/p>\n\n\n\n<p class=\"has-medium-font-size\"><strong>EU-Streitbeilegung: Die Europ\u00e4ische Kommission stellt eine Plattform zur Online-Streitbeilegung (OS) bereit.<\/strong><\/p>\n\n\n\n<p class=\"has-medium-font-size translation-block\">Die Europ\u00e4ische Kommission stellt eine Plattform zur Online-Streitbeilegung (OS) bereit: https:\/\/ec.europa.eu\/consumers\/odr\/<\/p>\n\n\n\n<p class=\"has-medium-font-size\">\u201eUnsere E-Mail-Adresse finden Sie im Impressum.<\/p>\n\n\n\n<p class=\"has-medium-font-size\"><strong>Verbraucherstreitbeilegung \/ Universalschlichtungsstelle<\/strong><\/p>\n\n\n\n<p class=\"has-medium-font-size\">Wir sind nicht verpflichtet und nicht bereit, an Streitbeilegungsverfahren vor einer Verbraucherschlichtungsstelle teilzunehmen.<\/p>\n\n\n\n<p class=\"has-medium-font-size\"><strong>Haftung f\u00fcr Inhalte<\/strong><\/p>\n\n\n\n<p class=\"has-medium-font-size\">Als Diensteanbieter sind wir gem\u00e4\u00df \u00a7 7 Abs. 1 TMG f\u00fcr eigene Inhalte auf diesen Seiten nach den allgemeinen Gesetzen verantwortlich. Nach \u00a7\u00a7 8 bis 10 TMG sind wir als Diensteanbieter jedoch nicht verpflichtet, \u00fcbermittelte oder gespeicherte fremde Informationen zu \u00fcberwachen oder nach Umst\u00e4nden zu forschen, die auf eine rechtswidrige T\u00e4tigkeit hinweisen.<\/p>\n\n\n\n<p class=\"has-medium-font-size\">Verpflichtungen zur Entfernung oder Sperrung der Nutzung von Informationen nach den allgemeinen Gesetzen bleiben hiervon unber\u00fchrt. Eine Haftung ist in diesem Zusammenhang jedoch erst ab dem Zeitpunkt der Kenntnis einer konkreten Rechtsverletzung m\u00f6glich. Bei Bekanntwerden entsprechender Rechtsverletzungen werden wir diese Inhalte umgehend entfernen.<\/p>\n\n\n\n<p class=\"has-medium-font-size\"><strong>Haftung f\u00fcr Links<\/strong><\/p>\n\n\n\n<p class=\"has-medium-font-size\">Unser Angebot enth\u00e4lt Links zu externen Websites Dritter, auf deren Inhalte wir keinen Einfluss haben. Daher k\u00f6nnen wir f\u00fcr diese fremden Inhalte keine Haftung \u00fcbernehmen. F\u00fcr die Inhalte der verlinkten Seiten ist stets der jeweilige Anbieter oder Betreiber verantwortlich. Die verlinkten Seiten wurden zum Zeitpunkt der Verlinkung auf m\u00f6gliche Rechtsverst\u00f6\u00dfe \u00fcberpr\u00fcft. Rechtswidrige Inhalte waren zu diesem Zeitpunkt nicht erkennbar.<\/p>\n\n\n\n<p class=\"has-medium-font-size\">Eine permanente inhaltliche Kontrolle der verlinkten Seiten ist jedoch ohne konkrete Anhaltspunkte einer Rechtsverletzung nicht zumutbar. Bei Bekanntwerden von Rechtsverletzungen werden derartige Links umgehend entfernt.<\/p>\n\n\n\n<p class=\"has-medium-font-size\"><strong>Copyright<\/strong><\/p>\n\n\n\n<p class=\"has-medium-font-size\">Die durch die Seitenbetreiber erstellten Inhalte und Werke auf diesen Seiten unterliegen dem deutschen Urheberrecht. Die Vervielf\u00e4ltigung, Bearbeitung, Verbreitung und jede Art der Verwertung au\u00dferhalb der Grenzen des Urheberrechts bed\u00fcrfen der schriftlichen Zustimmung des jeweiligen Autors bzw. Erstellers. Downloads und Kopien dieser Seite sind nur f\u00fcr den privaten, nicht kommerziellen Gebrauch gestattet.<\/p>\n\n\n\n<p class=\"has-text-align-left has-accent-5-color has-text-color has-link-color has-medium-font-size wp-elements-b6f08e64e3ab092ed662173afab792d4\" style=\"line-height:1.2\">\u201eSoweit die Inhalte auf dieser Seite nicht vom Betreiber erstellt wurden, werden die Urheberrechte Dritter beachtet. Insbesondere werden Inhalte Dritter als solche gekennzeichnet. Sollten Sie dennoch auf eine Urheberrechtsverletzung aufmerksam werden, bitten wir um einen entsprechenden Hinweis. Bei Bekanntwerden von Rechtsverletzungen werden wir derartige Inhalte umgehend entfernen.<\/p>\n<\/div>\n<\/div>\n<\/div>\n<\/div>\n\n\n\n<hr class=\"wp-block-separator alignfull has-text-color has-accent-2-color has-alpha-channel-opacity has-accent-2-background-color has-background\"\/>\n\n\n\n<div class=\"wp-block-columns is-layout-flex wp-container-core-columns-is-layout-28f84493 wp-block-columns-is-layout-flex\">\n<div class=\"wp-block-column is-layout-flow wp-block-column-is-layout-flow\">\n<figure class=\"wp-block-image size-full\"><img loading=\"lazy\" decoding=\"async\" width=\"50\" height=\"50\" src=\"https:\/\/giroux.de\/wp-content\/uploads\/2026\/03\/cropped-logo-e1774366698810.png\" alt=\"\" class=\"wp-image-106\"\/><\/figure>\n<\/div>\n\n\n\n<div class=\"wp-block-column is-layout-flow wp-block-column-is-layout-flow\">\n<p class=\"has-text-align-center has-accent-5-color has-text-color has-link-color has-medium-font-size wp-elements-849dab642386dc284a24fd4ce51dce1a\">Frank Giroux<\/p>\n<\/div>\n\n\n\n<div class=\"wp-block-column is-layout-flow wp-block-column-is-layout-flow\">\n<p class=\"has-text-align-right has-accent-5-color has-text-color has-link-color has-small-font-size wp-elements-8973cc206adb16834761f1c3c38540b0\">Kontakt: Frank.giroux.ai@pm.me<\/p>\n<\/div>\n<\/div>\n\n\n<nav class=\"has-text-color has-accent-5-color has-small-font-size items-justified-center wp-block-navigation is-content-justification-center is-layout-flex wp-container-core-navigation-is-layout-a89b3969 wp-block-navigation-is-layout-flex\" aria-label=\"Men\u00fc 2\"><ul class=\"wp-block-navigation__container has-text-color has-accent-5-color has-small-font-size items-justified-center wp-block-navigation has-small-font-size\"><li class=\"has-small-font-size wp-block-navigation-item wp-block-navigation-link\"><a class=\"wp-block-navigation-item__content\"  href=\"https:\/\/giroux.de\/de\/\"><span class=\"wp-block-navigation-item__label\">Home<\/span><\/a><\/li><li class=\"has-small-font-size wp-block-navigation-item wp-block-navigation-link\"><a class=\"wp-block-navigation-item__content\"  href=\"https:\/\/giroux.de\/de\/legalnotice\/\"><span class=\"wp-block-navigation-item__label\">Impressum<\/span><\/a><\/li><li class=\"has-small-font-size wp-block-navigation-item wp-block-navigation-link\"><a class=\"wp-block-navigation-item__content\"  href=\"https:\/\/giroux.de\/de\/datenschutzerklaerung\/\"><span class=\"wp-block-navigation-item__label\">Datenschutzrichtlinie<\/span><\/a><\/li><\/ul><\/nav>","protected":false},"excerpt":{"rendered":"<p>Information pursuant to Section 5 TMG Frank GirouxMaulbeerallee 6013593 Berlin Contact frank.giroux.ai@pm.me VAT VAT ID: DE454119875 Professional title and professional regulations Professional title: Freelance Consultant \/ Keynote SpeakerCompetent supervisory authority: none (freelance profession without mandatory chamber membership) Editorially responsible Frank GirouxAddress as above EU dispute resolution The European Commission provides a platform for online dispute [&hellip;]<\/p>\n","protected":false},"author":1,"featured_media":0,"parent":0,"menu_order":0,"comment_status":"closed","ping_status":"closed","template":"","meta":{"footnotes":""},"class_list":["post-99","page","type-page","status-publish","hentry"],"_links":{"self":[{"href":"https:\/\/giroux.de\/de\/wp-json\/wp\/v2\/pages\/99","targetHints":{"allow":["GET"]}}],"collection":[{"href":"https:\/\/giroux.de\/de\/wp-json\/wp\/v2\/pages"}],"about":[{"href":"https:\/\/giroux.de\/de\/wp-json\/wp\/v2\/types\/page"}],"author":[{"embeddable":true,"href":"https:\/\/giroux.de\/de\/wp-json\/wp\/v2\/users\/1"}],"replies":[{"embeddable":true,"href":"https:\/\/giroux.de\/de\/wp-json\/wp\/v2\/comments?post=99"}],"version-history":[{"count":10,"href":"https:\/\/giroux.de\/de\/wp-json\/wp\/v2\/pages\/99\/revisions"}],"predecessor-version":[{"id":688,"href":"https:\/\/giroux.de\/de\/wp-json\/wp\/v2\/pages\/99\/revisions\/688"}],"wp:attachment":[{"href":"https:\/\/giroux.de\/de\/wp-json\/wp\/v2\/media?parent=99"}],"curies":[{"name":"wp","href":"https:\/\/api.w.org\/{rel}","templated":true}]}}